{"id":69168,"date":"2026-03-05T15:08:22","date_gmt":"2026-03-05T15:08:22","guid":{"rendered":"https:\/\/lumimicosmetics.com\/?post_type=product&#038;p=69168"},"modified":"2026-04-12T09:43:39","modified_gmt":"2026-04-12T09:43:39","slug":"lumimi-lupu-konturzimulis-11","status":"publish","type":"product","link":"https:\/\/lumimicosmetics.com\/lv\/produkts\/lumimi-lupu-konturzimulis-11\/","title":{"rendered":"LUMIMI l\u016bpu kont\u016brz\u012bmulis 1+1"},"content":{"rendered":"<p data-start=\"442\" data-end=\"663\">Dvipusis dizainas \u2013 viename gale esantis <strong data-start=\"483\" data-end=\"506\">i\u0161sukamas pie\u0161tukas<\/strong> ir kitame gale esantis <strong data-start=\"530\" data-end=\"551\">\u0161velnus silikoninis \u0161epet\u0117lis<\/strong> \u2013 leid\u017eia ne tik tiksliai apvesti l\u016bpas, bet ir paskirstyti spalv\u0105 nat\u016braliai, sukuriant \u201eblurred lips\u201c efekt\u0105.<\/p>\n<p data-start=\"665\" data-end=\"924\"><strong data-start=\"665\" data-end=\"700\">Praturtintas<\/strong> nat\u016braliais augaliniais va\u0161kais ir <strong data-start=\"736\" data-end=\"750\">vitaminu E<\/strong>, pie\u0161tukas padeda i\u0161laikyti l\u016bp\u0173 dr\u0117gm\u0119, mink\u0161tum\u0105 ir komfort\u0105 visos dienos metu. Nenusitrina, netrupa ir puikiai tinka naudoti tiek vienas, tiek su l\u016bp\u0173 blizgiu ar balzamu.<\/p>\n","protected":false},"excerpt":{"rendered":"<p><strong data-start=\"74\" data-end=\"95\">UMIMI Lip Pencil<\/strong> \u2013 a stylish and functional choice for defining, shaping, or subtly enhancing the lips. Its creamy-textured formula glides smoothly along the lip line, allowing precise definition without tugging or unevenness.<\/p>\n","protected":false},"featured_media":77476,"template":"","meta":{"_acf_changed":false},"product_brand":[243],"product_cat":[290],"product_tag":[],"class_list":{"0":"post-69168","1":"product","2":"type-product","3":"status-publish","4":"has-post-thumbnail","6":"product_brand-lumimi","7":"product_cat-uncategorized-lv","8":"pa_brand-lumimi-lv","10":"first","11":"instock","12":"shipping-taxable","13":"purchasable","14":"product-type-variable"},"acf":[],"_links":{"self":[{"href":"https:\/\/lumimicosmetics.com\/lv\/wp-json\/wp\/v2\/product\/69168","targetHints":{"allow":["GET"]}}],"collection":[{"href":"https:\/\/lumimicosmetics.com\/lv\/wp-json\/wp\/v2\/product"}],"about":[{"href":"https:\/\/lumimicosmetics.com\/lv\/wp-json\/wp\/v2\/types\/product"}],"version-history":[{"count":1,"href":"https:\/\/lumimicosmetics.com\/lv\/wp-json\/wp\/v2\/product\/69168\/revisions"}],"predecessor-version":[{"id":77531,"href":"https:\/\/lumimicosmetics.com\/lv\/wp-json\/wp\/v2\/product\/69168\/revisions\/77531"}],"wp:featuredmedia":[{"embeddable":true,"href":"https:\/\/lumimicosmetics.com\/lv\/wp-json\/wp\/v2\/media\/77476"}],"wp:attachment":[{"href":"https:\/\/lumimicosmetics.com\/lv\/wp-json\/wp\/v2\/media?parent=69168"}],"wp:term":[{"taxonomy":"product_brand","embeddable":true,"href":"https:\/\/lumimicosmetics.com\/lv\/wp-json\/wp\/v2\/product_brand?post=69168"},{"taxonomy":"product_cat","embeddable":true,"href":"https:\/\/lumimicosmetics.com\/lv\/wp-json\/wp\/v2\/product_cat?post=69168"},{"taxonomy":"product_tag","embeddable":true,"href":"https:\/\/lumimicosmetics.com\/lv\/wp-json\/wp\/v2\/product_tag?post=69168"}],"curies":[{"name":"wp","href":"https:\/\/api.w.org\/{rel}","templated":true}]}}