{"id":67481,"date":"2026-02-28T14:53:17","date_gmt":"2026-02-28T14:53:17","guid":{"rendered":"https:\/\/lumimicosmetics.com\/product\/davanu-iesainosana\/"},"modified":"2026-05-02T08:56:01","modified_gmt":"2026-05-02T08:56:01","slug":"davanu-iesainosana","status":"publish","type":"product","link":"https:\/\/lumimicosmetics.com\/lv\/produkts\/davanu-iesainosana\/","title":{"rendered":"D\u0101vanu iesai\u0146o\u0161ana"},"content":{"rendered":"<p>M\u0113s iesai\u0146osim visu tavu pas\u016bt\u012bjumu k\u0101 d\u0101vanu.<\/p>\n","protected":false},"excerpt":{"rendered":"<p>M\u0113s iesai\u0146osim visu tavu pas\u016bt\u012bjumu k\u0101 d\u0101vanu.<\/p>\n","protected":false},"featured_media":67782,"template":"","meta":{"_acf_changed":false},"product_brand":[],"product_cat":[290],"product_tag":[],"class_list":{"0":"post-67481","1":"product","2":"type-product","3":"status-publish","4":"has-post-thumbnail","6":"product_cat-uncategorized-lv","8":"first","9":"instock","10":"sold-individually","11":"shipping-taxable","12":"purchasable","13":"product-type-simple"},"acf":[],"_links":{"self":[{"href":"https:\/\/lumimicosmetics.com\/lv\/wp-json\/wp\/v2\/product\/67481","targetHints":{"allow":["GET"]}}],"collection":[{"href":"https:\/\/lumimicosmetics.com\/lv\/wp-json\/wp\/v2\/product"}],"about":[{"href":"https:\/\/lumimicosmetics.com\/lv\/wp-json\/wp\/v2\/types\/product"}],"version-history":[{"count":0,"href":"https:\/\/lumimicosmetics.com\/lv\/wp-json\/wp\/v2\/product\/67481\/revisions"}],"wp:featuredmedia":[{"embeddable":true,"href":"https:\/\/lumimicosmetics.com\/lv\/wp-json\/wp\/v2\/media\/67782"}],"wp:attachment":[{"href":"https:\/\/lumimicosmetics.com\/lv\/wp-json\/wp\/v2\/media?parent=67481"}],"wp:term":[{"taxonomy":"product_brand","embeddable":true,"href":"https:\/\/lumimicosmetics.com\/lv\/wp-json\/wp\/v2\/product_brand?post=67481"},{"taxonomy":"product_cat","embeddable":true,"href":"https:\/\/lumimicosmetics.com\/lv\/wp-json\/wp\/v2\/product_cat?post=67481"},{"taxonomy":"product_tag","embeddable":true,"href":"https:\/\/lumimicosmetics.com\/lv\/wp-json\/wp\/v2\/product_tag?post=67481"}],"curies":[{"name":"wp","href":"https:\/\/api.w.org\/{rel}","templated":true}]}}