{"id":57299,"date":"2025-08-26T11:50:21","date_gmt":"2025-08-26T11:50:21","guid":{"rendered":"https:\/\/lumimicosmetics.com\/product\/lupu-konturzimulis-lupu-spidums-uzacu-zimulis\/"},"modified":"2025-08-26T11:50:21","modified_gmt":"2025-08-26T11:50:21","slug":"lupu-konturzimulis-lupu-spidums-uzacu-zimulis","status":"publish","type":"product","link":"https:\/\/lumimicosmetics.com\/lv\/produkts\/lupu-konturzimulis-lupu-spidums-uzacu-zimulis\/","title":{"rendered":"L\u016bpu kont\u016brz\u012bmulis + l\u016bpu sp\u012bdums + uzacu z\u012bmulis"},"content":{"rendered":"","protected":false},"excerpt":{"rendered":"","protected":false},"featured_media":60441,"template":"","meta":{"_acf_changed":false},"product_brand":[],"product_cat":[349,324],"product_tag":[],"class_list":{"0":"post-57299","1":"product","2":"type-product","3":"status-publish","4":"has-post-thumbnail","6":"product_cat-bundles-and-sets","7":"product_cat-shop-lv","9":"first","10":"instock","11":"sale","12":"shipping-taxable","13":"purchasable","14":"product-type-my_product_bundle"},"acf":[],"_links":{"self":[{"href":"https:\/\/lumimicosmetics.com\/lv\/wp-json\/wp\/v2\/product\/57299","targetHints":{"allow":["GET"]}}],"collection":[{"href":"https:\/\/lumimicosmetics.com\/lv\/wp-json\/wp\/v2\/product"}],"about":[{"href":"https:\/\/lumimicosmetics.com\/lv\/wp-json\/wp\/v2\/types\/product"}],"version-history":[{"count":0,"href":"https:\/\/lumimicosmetics.com\/lv\/wp-json\/wp\/v2\/product\/57299\/revisions"}],"wp:featuredmedia":[{"embeddable":true,"href":"https:\/\/lumimicosmetics.com\/lv\/wp-json\/wp\/v2\/media\/60441"}],"wp:attachment":[{"href":"https:\/\/lumimicosmetics.com\/lv\/wp-json\/wp\/v2\/media?parent=57299"}],"wp:term":[{"taxonomy":"product_brand","embeddable":true,"href":"https:\/\/lumimicosmetics.com\/lv\/wp-json\/wp\/v2\/product_brand?post=57299"},{"taxonomy":"product_cat","embeddable":true,"href":"https:\/\/lumimicosmetics.com\/lv\/wp-json\/wp\/v2\/product_cat?post=57299"},{"taxonomy":"product_tag","embeddable":true,"href":"https:\/\/lumimicosmetics.com\/lv\/wp-json\/wp\/v2\/product_tag?post=57299"}],"curies":[{"name":"wp","href":"https:\/\/api.w.org\/{rel}","templated":true}]}}