{"id":57298,"date":"2025-08-27T07:30:58","date_gmt":"2025-08-27T07:30:58","guid":{"rendered":"https:\/\/lumimicosmetics.com\/product\/tonalais-krems-kas-maina-toni-universals-korektors-lupu-spidums\/"},"modified":"2026-04-14T12:09:16","modified_gmt":"2026-04-14T12:09:16","slug":"tonalais-krems-kas-maina-toni-universals-korektors-lupu-spidums","status":"publish","type":"product","link":"https:\/\/lumimicosmetics.com\/lv\/produkts\/tonalais-krems-kas-maina-toni-universals-korektors-lupu-spidums\/","title":{"rendered":"Ton\u0101lais kr\u0113ms + univers\u0101ls korektors + l\u016bpu sp\u012bdums"},"content":{"rendered":"","protected":false},"excerpt":{"rendered":"","protected":false},"featured_media":68015,"template":"","meta":{"_acf_changed":false},"product_brand":[],"product_cat":[349],"product_tag":[],"class_list":{"0":"post-57298","1":"product","2":"type-product","3":"status-publish","4":"has-post-thumbnail","6":"product_cat-bundles-and-sets","8":"first","9":"instock","10":"sale","11":"shipping-taxable","12":"purchasable","13":"product-type-my_product_bundle"},"acf":[],"_links":{"self":[{"href":"https:\/\/lumimicosmetics.com\/lv\/wp-json\/wp\/v2\/product\/57298","targetHints":{"allow":["GET"]}}],"collection":[{"href":"https:\/\/lumimicosmetics.com\/lv\/wp-json\/wp\/v2\/product"}],"about":[{"href":"https:\/\/lumimicosmetics.com\/lv\/wp-json\/wp\/v2\/types\/product"}],"version-history":[{"count":2,"href":"https:\/\/lumimicosmetics.com\/lv\/wp-json\/wp\/v2\/product\/57298\/revisions"}],"predecessor-version":[{"id":88668,"href":"https:\/\/lumimicosmetics.com\/lv\/wp-json\/wp\/v2\/product\/57298\/revisions\/88668"}],"wp:featuredmedia":[{"embeddable":true,"href":"https:\/\/lumimicosmetics.com\/lv\/wp-json\/wp\/v2\/media\/68015"}],"wp:attachment":[{"href":"https:\/\/lumimicosmetics.com\/lv\/wp-json\/wp\/v2\/media?parent=57298"}],"wp:term":[{"taxonomy":"product_brand","embeddable":true,"href":"https:\/\/lumimicosmetics.com\/lv\/wp-json\/wp\/v2\/product_brand?post=57298"},{"taxonomy":"product_cat","embeddable":true,"href":"https:\/\/lumimicosmetics.com\/lv\/wp-json\/wp\/v2\/product_cat?post=57298"},{"taxonomy":"product_tag","embeddable":true,"href":"https:\/\/lumimicosmetics.com\/lv\/wp-json\/wp\/v2\/product_tag?post=57298"}],"curies":[{"name":"wp","href":"https:\/\/api.w.org\/{rel}","templated":true}]}}