{"id":57274,"date":"2025-05-30T09:07:16","date_gmt":"2025-05-30T09:07:16","guid":{"rendered":"https:\/\/lumimicosmetics.com\/product\/lumimi-lupu-spidums\/"},"modified":"2026-04-16T07:36:41","modified_gmt":"2026-04-16T07:36:41","slug":"lumimi-lupu-spidums","status":"publish","type":"product","link":"https:\/\/lumimicosmetics.com\/lv\/produkts\/lumimi-lupu-spidums\/","title":{"rendered":"LUMIMI l\u016bpu sp\u012bdums"},"content":{"rendered":"<p data-start=\"59\" data-end=\"152\"><strong data-start=\"59\" data-end=\"150\">Lumimi mitrino\u0161ais l\u016bpu sp\u012bdums ar kokosriekstu un jojobas e\u013c\u013c\u0101m \u2013 sp\u012bdums bez lip\u012bguma<\/strong><\/p>\n<p data-start=\"154\" data-end=\"439\">Atkl\u0101j dabisku l\u016bpu kop\u0161anu ar <strong data-start=\"185\" data-end=\"195\">Lumimi<\/strong> \u2013 m\u012bkstu, nelip\u012bgu un mitrino\u0161u sp\u012bdumu, rad\u012btu starojo\u0161ai smaida un ikdienas komfortam. Bag\u0101tin\u0101ts ar kokosriekstu un jojobas e\u013c\u013c\u0101m dzi\u013cai baro\u0161anai, k\u0101 ar\u012b ar \u0161\u012b sviestu un E vitam\u012bnu, lai aizsarg\u0101tu pret sausumu un veicin\u0101tu atjauno\u0161anos.<\/p>\n<p data-start=\"441\" data-end=\"615\">Viegl\u0101, ne smag\u0101 formula nodro\u0161ina ilgsto\u0161u sp\u012bdumu bez lip\u012bguma saj\u016btas. Ide\u0101li valk\u0101jams vienatn\u0113 vai k\u0101 papildin\u0101jums l\u016bpu kr\u0101sai \u2013 gan dabiskam, gan izteiktam izskatam.<\/p>\n<p data-start=\"617\" data-end=\"660\"><strong data-start=\"617\" data-end=\"658\">K\u0101p\u0113c izv\u0113l\u0113ties Lumimi l\u016bpu sp\u012bdumu?<\/strong><\/p>\n<ul data-start=\"661\" data-end=\"916\" data-is-last-node=\"\" data-is-only-node=\"\">\n<li data-start=\"661\" data-end=\"731\">\n<p data-start=\"663\" data-end=\"731\"><strong data-start=\"663\" data-end=\"685\">Mitrino\u0161a kop\u0161ana:<\/strong> kokosriekstu e\u013c\u013ca, jojobas e\u013c\u013ca, \u0161\u012b sviests<\/p>\n<\/li>\n<li data-start=\"732\" data-end=\"785\">\n<p data-start=\"734\" data-end=\"785\"><strong data-start=\"734\" data-end=\"753\">Dab\u012bgs sp\u012bdums:<\/strong> starojo\u0161as l\u016bpas bez lip\u012bguma<\/p>\n<\/li>\n<li data-start=\"786\" data-end=\"832\">\n<p data-start=\"788\" data-end=\"832\"><strong data-start=\"788\" data-end=\"806\">Maiga formula:<\/strong> piem\u0113rota jut\u012bg\u0101m l\u016bp\u0101m<\/p>\n<\/li>\n<li data-start=\"833\" data-end=\"871\">\n<p data-start=\"835\" data-end=\"871\"><strong data-start=\"835\" data-end=\"869\">Bez parab\u0113niem un miner\u0101le\u013c\u013c\u0101m<\/strong><\/p>\n<\/li>\n<li data-start=\"872\" data-end=\"916\" data-is-last-node=\"\">\n<p data-start=\"874\" data-end=\"916\" data-is-last-node=\"\"><strong data-start=\"874\" data-end=\"916\" data-is-last-node=\"\">Nav test\u0113ts uz dz\u012bvniekiem &amp; veg\u0101nisks<\/strong><\/p>\n<\/li>\n<\/ul>\n","protected":false},"excerpt":{"rendered":"<article class=\"text-token-text-primary w-full focus:outline-none [--shadow-height:45px] has-data-writing-block:pointer-events-none has-data-writing-block:-mt-(--shadow-height) has-data-writing-block:pt-(--shadow-height) [&amp;:has([data-writing-block])&gt;*]:pointer-events-auto [content-visibility:auto] supports-[content-visibility:auto]:[contain-intrinsic-size:auto_100lvh] scroll-mt-[calc(var(--header-height)+min(200px,max(70px,20svh)))]\" dir=\"auto\" tabindex=\"-1\" data-turn-id=\"request-6915cad0-e238-8330-b26a-f6f5b38008d1-122\" data-testid=\"conversation-turn-330\" data-scroll-anchor=\"true\" data-turn=\"assistant\">\n<div class=\"text-base my-auto mx-auto pb-10 [--thread-content-margin:--spacing(4)] thread-sm:[--thread-content-margin:--spacing(6)] thread-lg:[--thread-content-margin:--spacing(16)] px-(--thread-content-margin)\">\n<div class=\"[--thread-content-max-width:40rem] thread-lg:[--thread-content-max-width:48rem] mx-auto max-w-(--thread-content-max-width) flex-1 group\/turn-messages focus-visible:outline-hidden relative flex w-full min-w-0 flex-col agent-turn\" tabindex=\"-1\">\n<div class=\"flex max-w-full flex-col grow\">\n<div class=\"min-h-8 text-message relative flex w-full flex-col items-end gap-2 text-start break-words whitespace-normal [.text-message+&amp;]:mt-1\" dir=\"auto\" data-message-author-role=\"assistant\" data-message-id=\"66dc57ab-d03d-4071-9bd8-e16cc8b7b96c\" data-message-model-slug=\"gpt-5-mini\">\n<div class=\"flex w-full flex-col gap-1 empty:hidden first:pt-[1px]\">\n<div class=\"markdown prose dark:prose-invert w-full break-words dark markdown-new-styling\">\n<p data-start=\"59\" data-end=\"430\"><strong data-start=\"59\" data-end=\"94\">Lumimi mitrino\u0161ais l\u016bpu sp\u012bdums<\/strong> \u2013 ide\u0101la da\u013ca no ikdienas skaistumkop\u0161anas rut\u012bnas, apvienojot dab\u012bgu sp\u012bdumu ar barojo\u0161u kop\u0161anu. Bag\u0101tin\u0101ts ar kokosriekstu un jojobas e\u013c\u013c\u0101m, \u0161is sp\u012bdums dzi\u013ci mitrina un kopj l\u016bpas, atst\u0101jot t\u0101s m\u012bkstas un \u0113rtas visu dienu. Papildin\u0101ts ar \u0161\u012b sviestu un E vitam\u012bnu, tas pal\u012bdz aizsarg\u0101t pret sausumu un vides kait\u012bgajiem faktoriem.<\/p>\n<p data-start=\"432\" data-end=\"623\">Unik\u0101l\u0101 nelip\u012bg\u0101 formula pie\u0161\u0137ir l\u016bp\u0101m starojo\u0161u mirdzumu, saglab\u0101jot t\u0101s vieglas un dabiskas. Valk\u0101 vienatn\u0113 svaigam izskatam vai k\u0101 papildin\u0101jumu l\u016bpu kr\u0101sai, lai ieg\u016btu papildus sp\u012bdumu.<\/p>\n<p data-start=\"625\" data-end=\"773\">Bez parab\u0113niem un miner\u0101le\u013c\u013c\u0101m, piem\u0113rots pat jut\u012bgai \u0101dai. Veg\u0101nisks, nav test\u0113ts uz dz\u012bvniekiem un rad\u012bts saska\u0146\u0101 ar t\u012bras skaistuma principiem.<\/p>\n<p data-start=\"775\" data-end=\"935\" data-is-last-node=\"\" data-is-only-node=\"\">Izbaudi unik\u0101lu pieredzi \u2013 sp\u012bdums, maigums un dabiska kop\u0161ana vien\u0101 stil\u012bg\u0101 <strong data-start=\"852\" data-end=\"862\">Lumimi<\/strong> sp\u012bdum\u0101. Jo tav\u0101m l\u016bp\u0101m ir peln\u012bta ne tikai skaistums, bet ar\u012b vesel\u012bba.<\/p>\n<\/div>\n<\/div>\n<\/div>\n<\/div>\n<\/div>\n<\/div>\n<\/article>\n","protected":false},"featured_media":58944,"template":"","meta":{"_acf_changed":false},"product_brand":[243],"product_cat":[332,323,324,290],"product_tag":[],"class_list":{"0":"post-57274","1":"product","2":"type-product","3":"status-publish","4":"has-post-thumbnail","6":"product_brand-lumimi","7":"product_cat-face-care-products","8":"product_cat-lumimi-products-lv","9":"product_cat-shop-lv","10":"product_cat-uncategorized-lv","11":"pa_brand-lumimi-lv","13":"first","14":"instock","15":"sale","16":"shipping-taxable","17":"purchasable","18":"product-type-variable"},"acf":[],"_links":{"self":[{"href":"https:\/\/lumimicosmetics.com\/lv\/wp-json\/wp\/v2\/product\/57274","targetHints":{"allow":["GET"]}}],"collection":[{"href":"https:\/\/lumimicosmetics.com\/lv\/wp-json\/wp\/v2\/product"}],"about":[{"href":"https:\/\/lumimicosmetics.com\/lv\/wp-json\/wp\/v2\/types\/product"}],"version-history":[{"count":2,"href":"https:\/\/lumimicosmetics.com\/lv\/wp-json\/wp\/v2\/product\/57274\/revisions"}],"predecessor-version":[{"id":63047,"href":"https:\/\/lumimicosmetics.com\/lv\/wp-json\/wp\/v2\/product\/57274\/revisions\/63047"}],"wp:featuredmedia":[{"embeddable":true,"href":"https:\/\/lumimicosmetics.com\/lv\/wp-json\/wp\/v2\/media\/58944"}],"wp:attachment":[{"href":"https:\/\/lumimicosmetics.com\/lv\/wp-json\/wp\/v2\/media?parent=57274"}],"wp:term":[{"taxonomy":"product_brand","embeddable":true,"href":"https:\/\/lumimicosmetics.com\/lv\/wp-json\/wp\/v2\/product_brand?post=57274"},{"taxonomy":"product_cat","embeddable":true,"href":"https:\/\/lumimicosmetics.com\/lv\/wp-json\/wp\/v2\/product_cat?post=57274"},{"taxonomy":"product_tag","embeddable":true,"href":"https:\/\/lumimicosmetics.com\/lv\/wp-json\/wp\/v2\/product_tag?post=57274"}],"curies":[{"name":"wp","href":"https:\/\/api.w.org\/{rel}","templated":true}]}}