{"id":57271,"date":"2025-04-04T18:18:51","date_gmt":"2025-04-04T18:18:51","guid":{"rendered":"https:\/\/lumimicosmetics.com\/product\/lumimi-universalais-korektors\/"},"modified":"2026-04-19T05:27:07","modified_gmt":"2026-04-19T05:27:07","slug":"lumimi-universalais-korektors","status":"publish","type":"product","link":"https:\/\/lumimicosmetics.com\/lv\/produkts\/lumimi-universalais-korektors\/","title":{"rendered":"LUMIMI univers\u0101lais kons\u012bleris"},"content":{"rendered":"<article class=\"text-token-text-primary w-full focus:outline-none [--shadow-height:45px] has-data-writing-block:pointer-events-none has-data-writing-block:-mt-(--shadow-height) has-data-writing-block:pt-(--shadow-height) [&amp;:has([data-writing-block])&gt;*]:pointer-events-auto [content-visibility:auto] supports-[content-visibility:auto]:[contain-intrinsic-size:auto_100lvh] scroll-mt-[calc(var(--header-height)+min(200px,max(70px,20svh)))]\" dir=\"auto\" tabindex=\"-1\" data-turn-id=\"request-6915cad0-e238-8330-b26a-f6f5b38008d1-117\" data-testid=\"conversation-turn-320\" data-scroll-anchor=\"true\" data-turn=\"assistant\">\n<div class=\"text-base my-auto mx-auto pb-10 [--thread-content-margin:--spacing(4)] thread-sm:[--thread-content-margin:--spacing(6)] thread-lg:[--thread-content-margin:--spacing(16)] px-(--thread-content-margin)\">\n<div class=\"[--thread-content-max-width:40rem] thread-lg:[--thread-content-max-width:48rem] mx-auto max-w-(--thread-content-max-width) flex-1 group\/turn-messages focus-visible:outline-hidden relative flex w-full min-w-0 flex-col agent-turn\" tabindex=\"-1\">\n<div class=\"flex max-w-full flex-col grow\">\n<div class=\"min-h-8 text-message relative flex w-full flex-col items-end gap-2 text-start break-words whitespace-normal [.text-message+&amp;]:mt-1\" dir=\"auto\" data-message-author-role=\"assistant\" data-message-id=\"4f843764-fe2e-44ab-837f-2a2442a903f6\" data-message-model-slug=\"gpt-5-mini\">\n<div class=\"flex w-full flex-col gap-1 empty:hidden first:pt-[1px]\">\n<div class=\"markdown prose dark:prose-invert w-full break-words dark markdown-new-styling\">\n<p data-start=\"59\" data-end=\"263\" data-is-last-node=\"\" data-is-only-node=\"\"><strong data-start=\"59\" data-end=\"95\">Univers\u0101lais korektors acu zonai<\/strong>, kas maigi sl\u0113pj noguruma paz\u012bmes un izgaismo skatienu. T\u0101 viegl\u0101 formula ar jojobas un ol\u012bve\u013c\u013c\u0101m, skval\u0101nu un E vitam\u012bnu mitrina, baro un aizsarg\u0101 jut\u012bgo \u0101du ap ac\u012bm.<\/p>\n<\/div>\n<\/div>\n<\/div>\n<\/div>\n<\/div>\n<\/div>\n<\/article>\n","protected":false},"excerpt":{"rendered":"<p>Univers\u0101lais korektors acu zonai, kas maigi sl\u0113pj noguruma paz\u012bmes un izgaismo skatienu. T\u0101 viegl\u0101 formula ar jojobas un ol\u012bve\u013c\u013c\u0101m, skval\u0101nu<\/p>\n","protected":false},"featured_media":58521,"template":"","meta":{"_acf_changed":false},"product_brand":[243],"product_cat":[332,333,323,324,290],"product_tag":[],"class_list":{"0":"post-57271","1":"product","2":"type-product","3":"status-publish","4":"has-post-thumbnail","6":"product_brand-lumimi","7":"product_cat-face-care-products","8":"product_cat-face-cream","9":"product_cat-lumimi-products-lv","10":"product_cat-shop-lv","11":"product_cat-uncategorized-lv","12":"pa_brand-lumimi-lv","14":"first","15":"instock","16":"sale","17":"shipping-taxable","18":"purchasable","19":"product-type-variable"},"acf":[],"_links":{"self":[{"href":"https:\/\/lumimicosmetics.com\/lv\/wp-json\/wp\/v2\/product\/57271","targetHints":{"allow":["GET"]}}],"collection":[{"href":"https:\/\/lumimicosmetics.com\/lv\/wp-json\/wp\/v2\/product"}],"about":[{"href":"https:\/\/lumimicosmetics.com\/lv\/wp-json\/wp\/v2\/types\/product"}],"version-history":[{"count":3,"href":"https:\/\/lumimicosmetics.com\/lv\/wp-json\/wp\/v2\/product\/57271\/revisions"}],"predecessor-version":[{"id":88683,"href":"https:\/\/lumimicosmetics.com\/lv\/wp-json\/wp\/v2\/product\/57271\/revisions\/88683"}],"wp:featuredmedia":[{"embeddable":true,"href":"https:\/\/lumimicosmetics.com\/lv\/wp-json\/wp\/v2\/media\/58521"}],"wp:attachment":[{"href":"https:\/\/lumimicosmetics.com\/lv\/wp-json\/wp\/v2\/media?parent=57271"}],"wp:term":[{"taxonomy":"product_brand","embeddable":true,"href":"https:\/\/lumimicosmetics.com\/lv\/wp-json\/wp\/v2\/product_brand?post=57271"},{"taxonomy":"product_cat","embeddable":true,"href":"https:\/\/lumimicosmetics.com\/lv\/wp-json\/wp\/v2\/product_cat?post=57271"},{"taxonomy":"product_tag","embeddable":true,"href":"https:\/\/lumimicosmetics.com\/lv\/wp-json\/wp\/v2\/product_tag?post=57271"}],"curies":[{"name":"wp","href":"https:\/\/api.w.org\/{rel}","templated":true}]}}