{"id":57268,"date":"2025-02-17T13:25:17","date_gmt":"2025-02-17T13:25:17","guid":{"rendered":"https:\/\/lumimicosmetics.com\/product\/lumimi-tonalais-krems-spilventins\/"},"modified":"2026-04-14T12:51:02","modified_gmt":"2026-04-14T12:51:02","slug":"lumimi-tonalais-krems-spilventins","status":"publish","type":"product","link":"https:\/\/lumimicosmetics.com\/lv\/produkts\/lumimi-tonalais-krems-spilventins\/","title":{"rendered":"LUMIMI ton\u0101lais kr\u0113ms ar spilventi\u0146u"},"content":{"rendered":"","protected":false},"excerpt":{"rendered":"<p data-start=\"89\" data-end=\"419\"><strong data-start=\"89\" data-end=\"117\">LUMIMI Hybrid Foundation<\/strong> \u2013 created for sensitive skin, yet suitable for all skin types. It effortlessly conceals imperfections, hydrates, and delivers a natural glow without the mask effect. More than makeup \u2013 it\u2019s skincare and a beauty ritual in one.<br data-start=\"344\" data-end=\"347\">\ud83c\udf3f Made in Lithuania, inspired by the modern hybrid beauty philosophy.<\/p>\n<p data-start=\"421\" data-end=\"554\"><strong data-start=\"421\" data-end=\"434\">Delivery:<\/strong> 1\u20133 business days (free for orders over \u20ac30)<br data-start=\"479\" data-end=\"482\"><strong data-start=\"482\" data-end=\"494\">Returns:<\/strong> Within 14 days of receipt (see Return Policy for details)<\/p>\n","protected":false},"featured_media":58927,"template":"","meta":{"_acf_changed":false},"product_brand":[243],"product_cat":[332,333,323,324,290],"product_tag":[],"class_list":{"0":"post-57268","1":"product","2":"type-product","3":"status-publish","4":"has-post-thumbnail","6":"product_brand-lumimi","7":"product_cat-face-care-products","8":"product_cat-face-cream","9":"product_cat-lumimi-products-lv","10":"product_cat-shop-lv","11":"product_cat-uncategorized-lv","12":"pa_brand-lumimi-lv","14":"first","15":"instock","16":"sale","17":"shipping-taxable","18":"purchasable","19":"product-type-variable"},"acf":[],"_links":{"self":[{"href":"https:\/\/lumimicosmetics.com\/lv\/wp-json\/wp\/v2\/product\/57268","targetHints":{"allow":["GET"]}}],"collection":[{"href":"https:\/\/lumimicosmetics.com\/lv\/wp-json\/wp\/v2\/product"}],"about":[{"href":"https:\/\/lumimicosmetics.com\/lv\/wp-json\/wp\/v2\/types\/product"}],"version-history":[{"count":3,"href":"https:\/\/lumimicosmetics.com\/lv\/wp-json\/wp\/v2\/product\/57268\/revisions"}],"predecessor-version":[{"id":88684,"href":"https:\/\/lumimicosmetics.com\/lv\/wp-json\/wp\/v2\/product\/57268\/revisions\/88684"}],"wp:featuredmedia":[{"embeddable":true,"href":"https:\/\/lumimicosmetics.com\/lv\/wp-json\/wp\/v2\/media\/58927"}],"wp:attachment":[{"href":"https:\/\/lumimicosmetics.com\/lv\/wp-json\/wp\/v2\/media?parent=57268"}],"wp:term":[{"taxonomy":"product_brand","embeddable":true,"href":"https:\/\/lumimicosmetics.com\/lv\/wp-json\/wp\/v2\/product_brand?post=57268"},{"taxonomy":"product_cat","embeddable":true,"href":"https:\/\/lumimicosmetics.com\/lv\/wp-json\/wp\/v2\/product_cat?post=57268"},{"taxonomy":"product_tag","embeddable":true,"href":"https:\/\/lumimicosmetics.com\/lv\/wp-json\/wp\/v2\/product_tag?post=57268"}],"curies":[{"name":"wp","href":"https:\/\/api.w.org\/{rel}","templated":true}]}}