{"id":57141,"date":"2025-07-29T12:24:26","date_gmt":"2025-07-29T12:24:26","guid":{"rendered":"https:\/\/lumimicosmetics.com\/product\/lumimi-tonalais-krems-kas-maina-toni\/"},"modified":"2026-04-19T05:27:06","modified_gmt":"2026-04-19T05:27:06","slug":"lumimi-tonalais-krems-kas-maina-toni","status":"publish","type":"product","link":"https:\/\/lumimicosmetics.com\/lv\/produkts\/lumimi-tonalais-krems-kas-maina-toni\/","title":{"rendered":"LUMIMI \u2013 ton\u0101lais kr\u0113ms, kas piel\u0101gojas \u0101das tonim"},"content":{"rendered":"<p><br data-mce-bogus=\"1\"><\/p>\n","protected":false},"excerpt":{"rendered":"<p><br data-mce-bogus=\"1\"><\/p>\n","protected":false},"featured_media":58526,"template":"","meta":{"_acf_changed":false},"product_brand":[243],"product_cat":[323,324,290],"product_tag":[],"class_list":{"0":"post-57141","1":"product","2":"type-product","3":"status-publish","4":"has-post-thumbnail","6":"product_brand-lumimi","7":"product_cat-lumimi-products-lv","8":"product_cat-shop-lv","9":"product_cat-uncategorized-lv","11":"first","12":"instock","13":"sale","14":"shipping-taxable","15":"purchasable","16":"product-type-simple"},"acf":[],"_links":{"self":[{"href":"https:\/\/lumimicosmetics.com\/lv\/wp-json\/wp\/v2\/product\/57141","targetHints":{"allow":["GET"]}}],"collection":[{"href":"https:\/\/lumimicosmetics.com\/lv\/wp-json\/wp\/v2\/product"}],"about":[{"href":"https:\/\/lumimicosmetics.com\/lv\/wp-json\/wp\/v2\/types\/product"}],"version-history":[{"count":3,"href":"https:\/\/lumimicosmetics.com\/lv\/wp-json\/wp\/v2\/product\/57141\/revisions"}],"predecessor-version":[{"id":63050,"href":"https:\/\/lumimicosmetics.com\/lv\/wp-json\/wp\/v2\/product\/57141\/revisions\/63050"}],"wp:featuredmedia":[{"embeddable":true,"href":"https:\/\/lumimicosmetics.com\/lv\/wp-json\/wp\/v2\/media\/58526"}],"wp:attachment":[{"href":"https:\/\/lumimicosmetics.com\/lv\/wp-json\/wp\/v2\/media?parent=57141"}],"wp:term":[{"taxonomy":"product_brand","embeddable":true,"href":"https:\/\/lumimicosmetics.com\/lv\/wp-json\/wp\/v2\/product_brand?post=57141"},{"taxonomy":"product_cat","embeddable":true,"href":"https:\/\/lumimicosmetics.com\/lv\/wp-json\/wp\/v2\/product_cat?post=57141"},{"taxonomy":"product_tag","embeddable":true,"href":"https:\/\/lumimicosmetics.com\/lv\/wp-json\/wp\/v2\/product_tag?post=57141"}],"curies":[{"name":"wp","href":"https:\/\/api.w.org\/{rel}","templated":true}]}}