{"id":32221,"date":"2024-10-21T07:34:10","date_gmt":"2024-10-21T07:34:10","guid":{"rendered":"https:\/\/lumimicosmetics.com\/?post_type=product&#038;p=32221"},"modified":"2026-04-17T07:04:58","modified_gmt":"2026-04-17T07:04:58","slug":"premium-makeup-brush","status":"publish","type":"product","link":"https:\/\/lumimicosmetics.com\/lv\/produkts\/premium-makeup-brush\/","title":{"rendered":"Lumimi Premium grima ota"},"content":{"rendered":"\t\t<div data-elementor-type=\"product-post\" data-elementor-id=\"32221\" class=\"elementor elementor-32221\" data-elementor-post-type=\"product\">\n\t\t\t\t<div class=\"wd-negative-gap elementor-element elementor-element-66dd570 e-flex e-con-boxed e-con e-parent\" data-id=\"66dd570\" data-element_type=\"container\">\n\t\t\t\t\t<div class=\"e-con-inner\">\n\t\t\t\t<div class=\"elementor-element elementor-element-70dad01 elementor-hidden-mobile elementor-widget elementor-widget-html\" data-id=\"70dad01\" data-element_type=\"widget\" data-widget_type=\"html.default\">\n\t\t\t\t<div class=\"elementor-widget-container\">\n\t\t\t\t\t<!-- LUMIMI \u2013 Premium grima ota (LV, no skincare, no CTA) -->\n<section class=\"lm-brush\">\n  <div class=\"lm-brush__wrap\">\n    <div class=\"lm-brush__grid\">\n\n      <!-- LEFT: image -->\n      <div class=\"lm-brush__media\">\n        <div class=\"lm-brush__frame\">\n          <img decoding=\"async\"\n            src=\"https:\/\/lumimicosmetics.com\/wp-content\/uploads\/2024\/10\/Lumimi-Premium-Makeup-Brush-lv.webp\"\n            alt=\"Lumimi Premium grima ota\"\n            loading=\"lazy\"\n          \/>\n        <\/div>\n      <\/div>\n\n      <!-- RIGHT: content -->\n      <div class=\"lm-brush__content\">\n        <div class=\"lm-brush__eyebrow\">PREMIUM R\u012aKS<\/div>\n\n        <h2 class=\"lm-brush__title\">Premium grima ota<\/h2>\n\n        <p class=\"lm-brush__lead\">\n        <div class=\"lm-brush__text\">\n          <p>\n            Ota ir \u012bpa\u0161i piem\u0113rota \u0161\u0137idriem un kr\u0113mveida produktiem \u2013\n            ton\u0101lajam kr\u0113mam, BB\/CC kr\u0113miem, kr\u0113mveida kont\u016brai vai vaigu s\u0101rtumam.\n            Kupolveida forma \u013cauj prec\u012bzi kontrol\u0113t p\u0101rkl\u0101jumu un uzkl\u0101t produktu\n            sl\u0101\u0146os p\u0113c nepiecie\u0161am\u012bbas.\n          <\/p>\n          <p>\n            Viegli kopjama, iztur\u012bga un \u0113rta lieto\u0161anai gan ikdien\u0101,\n            gan profesion\u0101lam grimam.\n          <\/p>\n        <\/div>\n\n        <div class=\"lm-brush__result\">\n          <span class=\"lm-brush__resultLabel\">Rezult\u0101ts:<\/span>\n          <span>vienm\u0113r\u012bga, dabiski skaista \u0101da bez piep\u016bles.<\/span>\n        <\/div>\n      <\/div>\n\n    <\/div>\n  <\/div>\n<\/section>\n\n<style>\n  .lm-brush{\n    --bg:#f7f5f1;\n    --card:#ffffff;\n    --text:#121212;\n    --muted:#5e5e5e;\n    --line:rgba(18,18,18,.10);\n    --soft:rgba(18,18,18,.06);\n    --shadow:0 22px 55px rgba(18,18,18,.10);\n    --radius:26px;\n    background: radial-gradient(1100px 420px at 18% 12%, rgba(18,18,18,.05), transparent 60%),\n                radial-gradient(900px 360px at 82% 26%, rgba(18,18,18,.04), transparent 62%),\n                var(--bg);\n    padding: 64px 18px;\n  }\n\n  .lm-brush__wrap{\n    max-width: 1180px;\n    margin: 0 auto;\n  }\n\n  .lm-brush__grid{\n    display:grid;\n    grid-template-columns: 1.05fr .95fr;\n    gap: 44px;\n    align-items:center;\n  }\n\n  .lm-brush__frame{\n    background: linear-gradient(180deg, rgba(255,255,255,.92), rgba(255,255,255,.88));\n    border: 1px solid var(--line);\n    border-radius: var(--radius);\n    padding: 18px;\n    box-shadow: var(--shadow);\n    position:relative;\n    overflow:hidden;\n  }\n\n  .lm-brush__frame::before{\n    content:\"\";\n    position:absolute;\n    inset: 12px;\n    border-radius: calc(var(--radius) - 10px);\n    border: 1px solid var(--soft);\n    pointer-events:none;\n  }\n\n  .lm-brush__frame img{\n    width:100%;\n    height:auto;\n    display:block;\n    border-radius: calc(var(--radius) - 10px);\n    border: 1px solid rgba(18,18,18,.08);\n    object-fit:cover;\n  }\n\n  .lm-brush__eyebrow{\n    font-size: 12px;\n    letter-spacing: .18em;\n    text-transform: uppercase;\n    color: var(--muted);\n    margin-bottom: 10px;\n  }\n\n  .lm-brush__title{\n    margin:0 0 14px;\n    font-size: 44px;\n    line-height: 1.08;\n    letter-spacing: -0.03em;\n    color: var(--text);\n  }\n\n  .lm-brush__lead{\n    margin:0 0 18px;\n    font-size: 16px;\n    line-height: 1.85;\n    color: var(--muted);\n  }\n\n  .lm-brush__text p{\n    margin:0 0 14px;\n    font-size: 15px;\n    line-height: 1.85;\n    color: var(--muted);\n  }\n\n  .lm-brush__result{\n    margin-top: 18px;\n    padding: 16px 18px;\n    border-radius: 18px;\n    border: 1px solid var(--line);\n    background: rgba(255,255,255,.88);\n    display:flex;\n    gap: 8px;\n    align-items:flex-start;\n    font-size: 14px;\n    line-height: 1.7;\n    color:#1c1c1c;\n  }\n\n  .lm-brush__resultLabel{\n    font-weight: 700;\n    color:#111;\n    flex:0 0 auto;\n  }\n\n  @media (max-width: 1024px){\n    .lm-brush__grid{ grid-template-columns: 1fr; gap: 26px; }\n    \n::contentReference[oaicite:0]{index=0}\n\t\t\t\t<\/div>\n\t\t\t\t<\/div>\n\t\t\t\t<div class=\"elementor-element elementor-element-8b7829c elementor-hidden-desktop elementor-hidden-tablet elementor-widget elementor-widget-html\" data-id=\"8b7829c\" data-element_type=\"widget\" data-widget_type=\"html.default\">\n\t\t\t\t<div class=\"elementor-widget-container\">\n\t\t\t\t\t<!-- LUMIMI \u2013 Premium grima ota (MOBILE, LV, image-in-between layout) -->\n<section class=\"lm-brush-m\">\n  <div class=\"lm-brush-m__wrap\">\n\n    <div class=\"lm-brush-m__content\">\n\n      <div class=\"lm-brush-m__eyebrow\">PREMIUM R\u012aKS<\/div>\n\n      <h2 class=\"lm-brush-m__title\">Premium grima ota<\/h2>\n\n      <!-- IMAGE BETWEEN TEXT -->\n      <div class=\"lm-brush-m__media\">\n        <div class=\"lm-brush-m__frame\">\n          <img decoding=\"async\"\n            src=\"https:\/\/lumimicosmetics.com\/wp-content\/uploads\/2024\/10\/Lumimi-Premium-Makeup-Brush-lv.webp\"\n            alt=\"Lumimi Premium grima ota\"\n            loading=\"lazy\"\n          \/>\n        <\/div>\n      <\/div>\n\n      <p class=\"lm-brush-m__lead\">\n      <div class=\"lm-brush-m__text\">\n        <p>\n          Ota ir \u012bpa\u0161i piem\u0113rota \u0161\u0137idriem un kr\u0113mveida produktiem \u2013 ton\u0101lajam\n          kr\u0113mam, BB\/CC kr\u0113miem, kr\u0113mveida kont\u016brai vai vaigu s\u0101rtumam.\n          Kupolveida forma \u013cauj prec\u012bzi kontrol\u0113t p\u0101rkl\u0101jumu un uzkl\u0101t produktu\n          sl\u0101\u0146os p\u0113c nepiecie\u0161am\u012bbas.\n        <\/p>\n        <p>\n          Viegli kopjama, iztur\u012bga un \u0113rta lieto\u0161anai gan ikdien\u0101,\n          gan profesion\u0101lam grimam.\n        <\/p>\n      <\/div>\n\n      <div class=\"lm-brush-m__result\">\n        <span class=\"lm-brush-m__resultLabel\">Rezult\u0101ts:<\/span>\n        <span>vienm\u0113r\u012bga, dabiski skaista \u0101da bez piep\u016bles.<\/span>\n      <\/div>\n\n    <\/div>\n\n  <\/div>\n<\/section>\n\n<style>\n  .lm-brush-m{\n    --bg:#f7f5f1;\n    --text:#121212;\n    --muted:#616161;\n    --line:rgba(18,18,18,.10);\n    --soft:rgba(18,18,18,.06);\n    --shadow:0 20px 48px rgba(18,18,18,.10);\n    --radius:22px;\n    background: radial-gradient(900px 360px at 40% 0%, rgba(18,18,18,.05), transparent 60%),\n                var(--bg);\n    padding: 32px 14px;\n  }\n\n  .lm-brush-m__wrap{\n    max-width: 720px;\n    margin: 0 auto;\n  }\n\n  .lm-brush-m__content{\n    padding: 0 2px;\n  }\n\n  .lm-brush-m__eyebrow{\n    font-size: 11px;\n    letter-spacing: .18em;\n    text-transform: uppercase;\n    color: var(--muted);\n    margin-bottom: 8px;\n  }\n\n  .lm-brush-m__title{\n    margin:0 0 18px;\n    font-size: 30px;\n    line-height: 1.12;\n    letter-spacing: -0.03em;\n    color: var(--text);\n  }\n\n  \/* IMAGE *\/\n  .lm-brush-m__media{\n    margin: 0 0 18px;\n  }\n\n  .lm-brush-m__frame{\n    background: linear-gradient(180deg, rgba(255,255,255,.95), rgba(255,255,255,.90));\n    border: 1px solid var(--line);\n    border-radius: var(--radius);\n    padding: 14px;\n    box-shadow: var(--shadow);\n    position:relative;\n    overflow:hidden;\n  }\n\n  .lm-brush-m__frame::before{\n    content:\"\";\n    position:absolute;\n    inset: 10px;\n    border-radius: calc(var(--radius) - 8px);\n    border: 1px solid var(--soft);\n    pointer-events:none;\n  }\n\n  .lm-brush-m__frame img{\n    width:100%;\n    height:auto;\n    display:block;\n    border-radius: calc(var(--radius) - 8px);\n    border: 1px solid rgba(18,18,18,.08);\n    object-fit:cover;\n  }\n\n  .lm-brush-m__lead{\n    margin:0 0 16px;\n    font-size: 15px;\n    line-height: 1.8;\n    color: var(--muted);\n  }\n\n  .lm-brush-m__text p{\n    margin:0 0 12px;\n    font-size: 14.5px;\n    line-height: 1.85;\n    color: var(--muted);\n  }\n\n  .lm-brush-m__result{\n    margin-top: 18px;\n    padding: 14px 14px;\n    border-radius: 16px;\n    border: 1px solid var(--line);\n    background: rgba(255,255,255,.92);\n    display:flex;\n    gap: 8px;\n    align-items:flex-start;\n    font-size: 13.5px;\n    line-height: 1.7;\n    color:#1c1c1c;\n  }\n\n  .lm-brush-m__resultLabel{\n    font-weight: 700;\n    color:#111;\n    flex:0 0 auto;\n  }\n\n  @media (max-width: 360px){\n    .lm-brush-m__title{ font-size: 27px; }\n    .lm-brush-m{ padding: 26px 12px; }\n  }\n<\/style>\n\t\t\t\t<\/div>\n\t\t\t\t<\/div>\n\t\t\t\t\t<\/div>\n\t\t\t\t<\/div>\n\t\t\t\t<\/div>\n\t\t","protected":false},"excerpt":{"rendered":"<p>Izstr\u0101d\u0101ta vienm\u0113r\u012bgai un nevainojamai grima uzkl\u0101\u0161anai. Bl\u012bvi, maigi sint\u0113tiskie sari\u0146i vienm\u0113r\u012bgi izl\u012bdzina produktu, neatst\u0101j sv\u012btras un pal\u012bdz pan\u0101kt dabisku, viegli izpludin\u0101tu efektu.<\/p>\n<blockquote data-start=\"1611\" data-end=\"1691\">\n<p data-start=\"1613\" data-end=\"1691\"><em data-start=\"1613\" data-end=\"1691\">Ieteicams lietot kop\u0101 ar Lumimi ton\u0101lo kr\u0113mu un citiem kr\u0113mveida produktiem.<\/em><\/p>\n<\/blockquote>\n","protected":false},"featured_media":60139,"template":"","meta":{"_acf_changed":false},"product_brand":[],"product_cat":[398,332,323,324,290],"product_tag":[],"class_list":{"0":"post-32221","1":"product","2":"type-product","3":"status-publish","4":"has-post-thumbnail","6":"product_cat-makeup-brush","7":"product_cat-face-care-products","8":"product_cat-lumimi-products-lv","9":"product_cat-shop-lv","10":"product_cat-uncategorized-lv","11":"pa_brand-lumimi-lv","13":"first","14":"instock","15":"shipping-taxable","16":"purchasable","17":"product-type-simple"},"acf":[],"_links":{"self":[{"href":"https:\/\/lumimicosmetics.com\/lv\/wp-json\/wp\/v2\/product\/32221","targetHints":{"allow":["GET"]}}],"collection":[{"href":"https:\/\/lumimicosmetics.com\/lv\/wp-json\/wp\/v2\/product"}],"about":[{"href":"https:\/\/lumimicosmetics.com\/lv\/wp-json\/wp\/v2\/types\/product"}],"version-history":[{"count":18,"href":"https:\/\/lumimicosmetics.com\/lv\/wp-json\/wp\/v2\/product\/32221\/revisions"}],"predecessor-version":[{"id":63180,"href":"https:\/\/lumimicosmetics.com\/lv\/wp-json\/wp\/v2\/product\/32221\/revisions\/63180"}],"wp:featuredmedia":[{"embeddable":true,"href":"https:\/\/lumimicosmetics.com\/lv\/wp-json\/wp\/v2\/media\/60139"}],"wp:attachment":[{"href":"https:\/\/lumimicosmetics.com\/lv\/wp-json\/wp\/v2\/media?parent=32221"}],"wp:term":[{"taxonomy":"product_brand","embeddable":true,"href":"https:\/\/lumimicosmetics.com\/lv\/wp-json\/wp\/v2\/product_brand?post=32221"},{"taxonomy":"product_cat","embeddable":true,"href":"https:\/\/lumimicosmetics.com\/lv\/wp-json\/wp\/v2\/product_cat?post=32221"},{"taxonomy":"product_tag","embeddable":true,"href":"https:\/\/lumimicosmetics.com\/lv\/wp-json\/wp\/v2\/product_tag?post=32221"}],"curies":[{"name":"wp","href":"https:\/\/api.w.org\/{rel}","templated":true}]}}