{"id":68992,"date":"2026-03-05T15:02:15","date_gmt":"2026-03-05T15:02:15","guid":{"rendered":"https:\/\/lumimicosmetics.com\/?post_type=product&#038;p=68992"},"modified":"2026-04-06T10:13:22","modified_gmt":"2026-04-06T10:13:22","slug":"lumimi-universaalne-peitekreem-2","status":"publish","type":"product","link":"https:\/\/lumimicosmetics.com\/et\/toode\/lumimi-universaalne-peitekreem-2\/","title":{"rendered":"LUMIMI universaalne peitekreem 1+1"},"content":{"rendered":"<p><strong>Universaalne silmaalune peitekreem<\/strong>, mis peidab \u00f5rnalt v\u00e4simuse m\u00e4rgid ja toob pilgule s\u00e4ra. Selle kerge koostis jojoba- ja oliivi\u00f5li, skvalaani ning E-vitamiiniga niisutab, toidab ja kaitseb silmade \u00f5rna nahka.<\/p>\n","protected":false},"excerpt":{"rendered":"<p>Universaalne silmaalune peitekreem, mis peidab \u00f5rnalt v\u00e4simuse m\u00e4rgid ja toob pilgule s\u00e4ra. Selle kerge koostis jojoba- ja oliivi\u00f5li, skvalaani ning<\/p>\n","protected":false},"featured_media":77504,"template":"","meta":{"_acf_changed":false},"product_brand":[322],"product_cat":[289],"product_tag":[],"class_list":{"0":"post-68992","1":"product","2":"type-product","3":"status-publish","4":"has-post-thumbnail","6":"product_brand-lumimi-et","7":"product_cat-uncategorized-et","8":"pa_brand-lumimi-et","10":"first","11":"instock","12":"shipping-taxable","13":"purchasable","14":"product-type-variable"},"acf":[],"_links":{"self":[{"href":"https:\/\/lumimicosmetics.com\/et\/wp-json\/wp\/v2\/product\/68992","targetHints":{"allow":["GET"]}}],"collection":[{"href":"https:\/\/lumimicosmetics.com\/et\/wp-json\/wp\/v2\/product"}],"about":[{"href":"https:\/\/lumimicosmetics.com\/et\/wp-json\/wp\/v2\/types\/product"}],"version-history":[{"count":3,"href":"https:\/\/lumimicosmetics.com\/et\/wp-json\/wp\/v2\/product\/68992\/revisions"}],"predecessor-version":[{"id":77547,"href":"https:\/\/lumimicosmetics.com\/et\/wp-json\/wp\/v2\/product\/68992\/revisions\/77547"}],"wp:featuredmedia":[{"embeddable":true,"href":"https:\/\/lumimicosmetics.com\/et\/wp-json\/wp\/v2\/media\/77504"}],"wp:attachment":[{"href":"https:\/\/lumimicosmetics.com\/et\/wp-json\/wp\/v2\/media?parent=68992"}],"wp:term":[{"taxonomy":"product_brand","embeddable":true,"href":"https:\/\/lumimicosmetics.com\/et\/wp-json\/wp\/v2\/product_brand?post=68992"},{"taxonomy":"product_cat","embeddable":true,"href":"https:\/\/lumimicosmetics.com\/et\/wp-json\/wp\/v2\/product_cat?post=68992"},{"taxonomy":"product_tag","embeddable":true,"href":"https:\/\/lumimicosmetics.com\/et\/wp-json\/wp\/v2\/product_tag?post=68992"}],"curies":[{"name":"wp","href":"https:\/\/api.w.org\/{rel}","templated":true}]}}