{"id":67093,"date":"2026-02-27T09:57:23","date_gmt":"2026-02-27T09:57:23","guid":{"rendered":"https:\/\/lumimicosmetics.com\/?post_type=product&#038;p=67093"},"modified":"2026-04-16T09:20:24","modified_gmt":"2026-04-16T09:20:24","slug":"lumimi-jumestuskreem-padjake-copy","status":"publish","type":"product","link":"https:\/\/lumimicosmetics.com\/et\/toode\/lumimi-jumestuskreem-padjake-copy\/","title":{"rendered":"LUMIMI jumestuskreem \u2013 padjake (Copy)"},"content":{"rendered":"","protected":false},"excerpt":{"rendered":"<p data-start=\"89\" data-end=\"419\"><strong data-start=\"89\" data-end=\"117\">LUMIMI H\u00fcbriidjumestuskreem<\/strong> \u2013 loodud tundlikule nahale, kuid sobib k\u00f5ikidele nahat\u00fc\u00fcpidele. See peidab vaevata ebat\u00e4iusi, niisutab ja annab loomuliku s\u00e4ra ilma maskiefektita. Rohkem kui meik \u2013 see on nahahooldus ja ilurituaal \u00fches.<br data-start=\"344\" data-end=\"347\">\ud83c\udf3f Valmistatud Leedus, inspireeritud kaasaegsest h\u00fcbriidse ilu filosoofiast.<\/p>\n<p data-start=\"421\" data-end=\"554\"><strong data-start=\"421\" data-end=\"434\">Tarne:<\/strong> 1\u20133 t\u00f6\u00f6p\u00e4eva (tasuta tellimustele \u00fcle 30 \u20ac)<br data-start=\"479\" data-end=\"482\"><strong data-start=\"482\" data-end=\"494\">Tagastamine:<\/strong> 14 p\u00e4eva jooksul alates k\u00e4ttesaamisest (vaata tagastuspoliitikat l\u00e4hemalt)<\/p>\n","protected":false},"featured_media":58925,"template":"","meta":{"_acf_changed":false},"product_brand":[322],"product_cat":[289],"product_tag":[],"class_list":{"0":"post-67093","1":"product","2":"type-product","3":"status-publish","4":"has-post-thumbnail","6":"product_brand-lumimi-et","7":"product_cat-uncategorized-et","8":"pa_brand-lumimi-et","10":"first","11":"instock","12":"sale","13":"shipping-taxable","14":"purchasable","15":"product-type-variable"},"acf":[],"_links":{"self":[{"href":"https:\/\/lumimicosmetics.com\/et\/wp-json\/wp\/v2\/product\/67093","targetHints":{"allow":["GET"]}}],"collection":[{"href":"https:\/\/lumimicosmetics.com\/et\/wp-json\/wp\/v2\/product"}],"about":[{"href":"https:\/\/lumimicosmetics.com\/et\/wp-json\/wp\/v2\/types\/product"}],"version-history":[{"count":1,"href":"https:\/\/lumimicosmetics.com\/et\/wp-json\/wp\/v2\/product\/67093\/revisions"}],"predecessor-version":[{"id":67135,"href":"https:\/\/lumimicosmetics.com\/et\/wp-json\/wp\/v2\/product\/67093\/revisions\/67135"}],"wp:featuredmedia":[{"embeddable":true,"href":"https:\/\/lumimicosmetics.com\/et\/wp-json\/wp\/v2\/media\/58925"}],"wp:attachment":[{"href":"https:\/\/lumimicosmetics.com\/et\/wp-json\/wp\/v2\/media?parent=67093"}],"wp:term":[{"taxonomy":"product_brand","embeddable":true,"href":"https:\/\/lumimicosmetics.com\/et\/wp-json\/wp\/v2\/product_brand?post=67093"},{"taxonomy":"product_cat","embeddable":true,"href":"https:\/\/lumimicosmetics.com\/et\/wp-json\/wp\/v2\/product_cat?post=67093"},{"taxonomy":"product_tag","embeddable":true,"href":"https:\/\/lumimicosmetics.com\/et\/wp-json\/wp\/v2\/product_tag?post=67093"}],"curies":[{"name":"wp","href":"https:\/\/api.w.org\/{rel}","templated":true}]}}