{"id":55951,"date":"2025-06-20T09:27:28","date_gmt":"2025-06-20T09:27:28","guid":{"rendered":"https:\/\/lumimicosmetics.com\/product\/%e2%9c%a8-lumimi-huulepliiats\/"},"modified":"2026-04-18T19:48:13","modified_gmt":"2026-04-18T19:48:13","slug":"lumimi-huulepliiats","status":"publish","type":"product","link":"https:\/\/lumimicosmetics.com\/et\/toode\/lumimi-huulepliiats\/","title":{"rendered":"LUMIMI Huulepliiats"},"content":{"rendered":"<p data-start=\"442\" data-end=\"663\">Kahepoolne disain \u2013 \u00fches otsas olev <strong data-start=\"483\" data-end=\"506\">v\u00e4ljakeeratav pliiats<\/strong> ja teises otsas olev <strong data-start=\"530\" data-end=\"551\">pehme silikoonist pintsel<\/strong> \u2013 v\u00f5imaldab mitte ainult t\u00e4pselt huuli piiritleda, vaid ka v\u00e4rvi loomulikult hajutada, luues \u201eblurred lips\u201c efekti.<\/p>\n<p data-start=\"665\" data-end=\"924\"><strong data-start=\"665\" data-end=\"700\">Rikastatud<\/strong> looduslike taimevahadega ja <strong data-start=\"736\" data-end=\"750\">E-vitamiiniga<\/strong>, aitab pliiats hoida huulte niiskust, pehmust ja mugavust kogu p\u00e4eva v\u00e4ltel. Ei kulu maha, ei murene ja sobib suurep\u00e4raselt kasutamiseks nii \u00fcksi kui ka huulel\u00e4ike v\u00f5i -palsamiga.<\/p>\n","protected":false},"excerpt":{"rendered":"<p><strong data-start=\"74\" data-end=\"95\">UMIMI Huulepliiats<\/strong> \u2013 stiilne ja funktsionaalne valik huulte piiritlemiseks, kujundamiseks v\u00f5i peeneks esilet\u00f5stmiseks. Selle kreemjas tekstuuriga koostis libiseb sujuvalt m\u00f6\u00f6da huulejoont, v\u00f5imaldades t\u00e4pset piiritlemist ilma tirimata v\u00f5i eba\u00fchtluseta.<\/p>\n","protected":false},"featured_media":65994,"template":"","meta":{"_acf_changed":false},"product_brand":[322],"product_cat":[293,294,296],"product_tag":[],"class_list":{"0":"post-55951","1":"product","2":"type-product","3":"status-publish","4":"has-post-thumbnail","6":"product_brand-lumimi-et","7":"product_cat-jumestuspintsel","8":"product_cat-lumimi-tooted","9":"product_cat-pood","10":"pa_brand-lumimi-et","12":"first","13":"instock","14":"sale","15":"shipping-taxable","16":"purchasable","17":"product-type-variable"},"acf":[],"_links":{"self":[{"href":"https:\/\/lumimicosmetics.com\/et\/wp-json\/wp\/v2\/product\/55951","targetHints":{"allow":["GET"]}}],"collection":[{"href":"https:\/\/lumimicosmetics.com\/et\/wp-json\/wp\/v2\/product"}],"about":[{"href":"https:\/\/lumimicosmetics.com\/et\/wp-json\/wp\/v2\/types\/product"}],"version-history":[{"count":3,"href":"https:\/\/lumimicosmetics.com\/et\/wp-json\/wp\/v2\/product\/55951\/revisions"}],"predecessor-version":[{"id":60813,"href":"https:\/\/lumimicosmetics.com\/et\/wp-json\/wp\/v2\/product\/55951\/revisions\/60813"}],"wp:featuredmedia":[{"embeddable":true,"href":"https:\/\/lumimicosmetics.com\/et\/wp-json\/wp\/v2\/media\/65994"}],"wp:attachment":[{"href":"https:\/\/lumimicosmetics.com\/et\/wp-json\/wp\/v2\/media?parent=55951"}],"wp:term":[{"taxonomy":"product_brand","embeddable":true,"href":"https:\/\/lumimicosmetics.com\/et\/wp-json\/wp\/v2\/product_brand?post=55951"},{"taxonomy":"product_cat","embeddable":true,"href":"https:\/\/lumimicosmetics.com\/et\/wp-json\/wp\/v2\/product_cat?post=55951"},{"taxonomy":"product_tag","embeddable":true,"href":"https:\/\/lumimicosmetics.com\/et\/wp-json\/wp\/v2\/product_tag?post=55951"}],"curies":[{"name":"wp","href":"https:\/\/api.w.org\/{rel}","templated":true}]}}