{"id":55936,"date":"2025-04-04T18:18:51","date_gmt":"2025-04-04T18:18:51","guid":{"rendered":"https:\/\/lumimicosmetics.com\/product\/lumimi-universaalne-peitekreem\/"},"modified":"2026-04-19T04:19:12","modified_gmt":"2026-04-19T04:19:12","slug":"lumimi-universaalne-peitekreem","status":"publish","type":"product","link":"https:\/\/lumimicosmetics.com\/et\/toode\/lumimi-universaalne-peitekreem\/","title":{"rendered":"LUMIMI universaalne peitekreem"},"content":{"rendered":"<p><strong>Universaalne silmaalune peitekreem<\/strong>, mis peidab \u00f5rnalt v\u00e4simuse m\u00e4rgid ja toob pilgule s\u00e4ra. Selle kerge koostis jojoba- ja oliivi\u00f5li, skvalaani ning E-vitamiiniga niisutab, toidab ja kaitseb silmade \u00f5rna nahka.<\/p>\n","protected":false},"excerpt":{"rendered":"<p>Universaalne silmaalune peitekreem, mis peidab \u00f5rnalt v\u00e4simuse m\u00e4rgid ja toob pilgule s\u00e4ra. Selle kerge koostis jojoba- ja oliivi\u00f5li, skvalaani ning<\/p>\n","protected":false},"featured_media":58520,"template":"","meta":{"_acf_changed":false},"product_brand":[322],"product_cat":[294,299,295,296,289],"product_tag":[],"class_list":{"0":"post-55936","1":"product","2":"type-product","3":"status-publish","4":"has-post-thumbnail","6":"product_brand-lumimi-et","7":"product_cat-lumimi-tooted","8":"product_cat-naohoolduskreem","9":"product_cat-naohooldustooted","10":"product_cat-pood","11":"product_cat-uncategorized-et","12":"pa_brand-lumimi-et","14":"first","15":"instock","16":"sale","17":"shipping-taxable","18":"purchasable","19":"product-type-variable"},"acf":[],"_links":{"self":[{"href":"https:\/\/lumimicosmetics.com\/et\/wp-json\/wp\/v2\/product\/55936","targetHints":{"allow":["GET"]}}],"collection":[{"href":"https:\/\/lumimicosmetics.com\/et\/wp-json\/wp\/v2\/product"}],"about":[{"href":"https:\/\/lumimicosmetics.com\/et\/wp-json\/wp\/v2\/types\/product"}],"version-history":[{"count":0,"href":"https:\/\/lumimicosmetics.com\/et\/wp-json\/wp\/v2\/product\/55936\/revisions"}],"wp:featuredmedia":[{"embeddable":true,"href":"https:\/\/lumimicosmetics.com\/et\/wp-json\/wp\/v2\/media\/58520"}],"wp:attachment":[{"href":"https:\/\/lumimicosmetics.com\/et\/wp-json\/wp\/v2\/media?parent=55936"}],"wp:term":[{"taxonomy":"product_brand","embeddable":true,"href":"https:\/\/lumimicosmetics.com\/et\/wp-json\/wp\/v2\/product_brand?post=55936"},{"taxonomy":"product_cat","embeddable":true,"href":"https:\/\/lumimicosmetics.com\/et\/wp-json\/wp\/v2\/product_cat?post=55936"},{"taxonomy":"product_tag","embeddable":true,"href":"https:\/\/lumimicosmetics.com\/et\/wp-json\/wp\/v2\/product_tag?post=55936"}],"curies":[{"name":"wp","href":"https:\/\/api.w.org\/{rel}","templated":true}]}}