{"id":69466,"date":"2026-02-26T10:02:48","date_gmt":"2026-02-26T10:02:48","guid":{"rendered":"https:\/\/lumimicosmetics.com\/?post_type=product&#038;p=69466"},"modified":"2026-03-12T07:58:55","modified_gmt":"2026-03-12T07:58:55","slug":"lumimi-everyday-glow-set","status":"publish","type":"product","link":"https:\/\/lumimicosmetics.com\/de\/produkt\/lumimi-everyday-glow-set\/","title":{"rendered":"LUMIMI Set f\u00fcr ebenm\u00e4\u00dfigen Teint und gl\u00e4nzende Lippen"},"content":{"rendered":"","protected":false},"excerpt":{"rendered":"","protected":false},"featured_media":66774,"template":"","meta":{"_acf_changed":false},"product_brand":[],"product_cat":[441],"product_tag":[],"class_list":{"0":"post-69466","1":"product","2":"type-product","3":"status-publish","4":"has-post-thumbnail","6":"product_cat-bundles","8":"first","9":"instock","10":"sale","11":"shipping-taxable","12":"purchasable","13":"product-type-my_product_bundle"},"acf":[],"_links":{"self":[{"href":"https:\/\/lumimicosmetics.com\/de\/wp-json\/wp\/v2\/product\/69466","targetHints":{"allow":["GET"]}}],"collection":[{"href":"https:\/\/lumimicosmetics.com\/de\/wp-json\/wp\/v2\/product"}],"about":[{"href":"https:\/\/lumimicosmetics.com\/de\/wp-json\/wp\/v2\/types\/product"}],"version-history":[{"count":4,"href":"https:\/\/lumimicosmetics.com\/de\/wp-json\/wp\/v2\/product\/69466\/revisions"}],"predecessor-version":[{"id":71556,"href":"https:\/\/lumimicosmetics.com\/de\/wp-json\/wp\/v2\/product\/69466\/revisions\/71556"}],"wp:featuredmedia":[{"embeddable":true,"href":"https:\/\/lumimicosmetics.com\/de\/wp-json\/wp\/v2\/media\/66774"}],"wp:attachment":[{"href":"https:\/\/lumimicosmetics.com\/de\/wp-json\/wp\/v2\/media?parent=69466"}],"wp:term":[{"taxonomy":"product_brand","embeddable":true,"href":"https:\/\/lumimicosmetics.com\/de\/wp-json\/wp\/v2\/product_brand?post=69466"},{"taxonomy":"product_cat","embeddable":true,"href":"https:\/\/lumimicosmetics.com\/de\/wp-json\/wp\/v2\/product_cat?post=69466"},{"taxonomy":"product_tag","embeddable":true,"href":"https:\/\/lumimicosmetics.com\/de\/wp-json\/wp\/v2\/product_tag?post=69466"}],"curies":[{"name":"wp","href":"https:\/\/api.w.org\/{rel}","templated":true}]}}