{"id":68989,"date":"2026-03-05T15:02:15","date_gmt":"2026-03-05T15:02:15","guid":{"rendered":"https:\/\/lumimicosmetics.com\/?post_type=product&#038;p=68989"},"modified":"2026-03-27T10:39:08","modified_gmt":"2026-03-27T10:39:08","slug":"lumimi-concealer-fur-augenpartie-und-gesicht-copy","status":"publish","type":"product","link":"https:\/\/lumimicosmetics.com\/de\/produkt\/lumimi-concealer-fur-augenpartie-und-gesicht-copy\/","title":{"rendered":"LUMIMI Concealer f\u00fcr Augenpartie und Gesicht (Copy)"},"content":{"rendered":"<p>Ein <strong data-start=\"58\" data-end=\"91\">universeller Augen-Concealer<\/strong>, der sanft Anzeichen von M\u00fcdigkeit kaschiert und den Blick aufhellt. Seine leichte Formel mit Jojoba- und Oliven\u00f6l, Squalan und Vitamin E spendet Feuchtigkeit, n\u00e4hrt und sch\u00fctzt die empfindliche Haut um die Augen.<\/p>\n","protected":false},"excerpt":{"rendered":"<p>Ein universeller Augen-Concealer, der sanft Anzeichen von M\u00fcdigkeit kaschiert und den Blick aufhellt. Seine leichte Formel mit Jojoba- und Oliven\u00f6l,<\/p>\n","protected":false},"featured_media":77505,"template":"","meta":{"_acf_changed":false},"product_brand":[243],"product_cat":[390],"product_tag":[],"class_list":{"0":"post-68989","1":"product","2":"type-product","3":"status-publish","4":"has-post-thumbnail","6":"product_brand-lumimi","7":"product_cat-face-cosmetics-de","8":"pa_brand-lumimi-de","10":"first","11":"instock","12":"shipping-taxable","13":"purchasable","14":"product-type-variable"},"acf":[],"_links":{"self":[{"href":"https:\/\/lumimicosmetics.com\/de\/wp-json\/wp\/v2\/product\/68989","targetHints":{"allow":["GET"]}}],"collection":[{"href":"https:\/\/lumimicosmetics.com\/de\/wp-json\/wp\/v2\/product"}],"about":[{"href":"https:\/\/lumimicosmetics.com\/de\/wp-json\/wp\/v2\/types\/product"}],"version-history":[{"count":2,"href":"https:\/\/lumimicosmetics.com\/de\/wp-json\/wp\/v2\/product\/68989\/revisions"}],"predecessor-version":[{"id":77660,"href":"https:\/\/lumimicosmetics.com\/de\/wp-json\/wp\/v2\/product\/68989\/revisions\/77660"}],"wp:featuredmedia":[{"embeddable":true,"href":"https:\/\/lumimicosmetics.com\/de\/wp-json\/wp\/v2\/media\/77505"}],"wp:attachment":[{"href":"https:\/\/lumimicosmetics.com\/de\/wp-json\/wp\/v2\/media?parent=68989"}],"wp:term":[{"taxonomy":"product_brand","embeddable":true,"href":"https:\/\/lumimicosmetics.com\/de\/wp-json\/wp\/v2\/product_brand?post=68989"},{"taxonomy":"product_cat","embeddable":true,"href":"https:\/\/lumimicosmetics.com\/de\/wp-json\/wp\/v2\/product_cat?post=68989"},{"taxonomy":"product_tag","embeddable":true,"href":"https:\/\/lumimicosmetics.com\/de\/wp-json\/wp\/v2\/product_tag?post=68989"}],"curies":[{"name":"wp","href":"https:\/\/api.w.org\/{rel}","templated":true}]}}