{"id":67088,"date":"2026-02-27T09:57:23","date_gmt":"2026-02-27T09:57:23","guid":{"rendered":"https:\/\/lumimicosmetics.com\/?post_type=product&#038;p=67088"},"modified":"2026-02-27T10:01:48","modified_gmt":"2026-02-27T10:01:48","slug":"lumimi-make-up-foundation-cushion-copy","status":"publish","type":"product","link":"https:\/\/lumimicosmetics.com\/de\/produkt\/lumimi-make-up-foundation-cushion-copy\/","title":{"rendered":"LUMIMI Make-up Foundation \u2013 Cushion (Copy)"},"content":{"rendered":"","protected":false},"excerpt":{"rendered":"<p data-start=\"89\" data-end=\"419\"><strong data-start=\"89\" data-end=\"117\">LUMIMI Hybrid Foundation<\/strong> \u2013 entwickelt f\u00fcr empfindliche Haut, aber f\u00fcr alle Hauttypen geeignet. Kaschiert m\u00fchelos Unreinheiten, spendet Feuchtigkeit und verleiht einen nat\u00fcrlichen Glow ohne Maskeneffekt. Mehr als Make-up \u2013 es ist Hautpflege und Beauty-Ritual in einem.  <br data-start=\"344\" data-end=\"347\">\ud83c\udf3f Hergestellt in Litauen, inspiriert von der modernen Hybrid-Beauty-Philosophie.<\/p>\n<p data-start=\"421\" data-end=\"554\"><strong data-start=\"421\" data-end=\"434\">Lieferung:<\/strong> 1\u20133 Werktage (kostenlos ab 30 \u20ac)<br data-start=\"479\" data-end=\"482\"><strong data-start=\"482\" data-end=\"494\">R\u00fcckgabe:<\/strong> Innerhalb von 14 Tagen nach Erhalt (Details siehe R\u00fcckgaberichtlinie)<\/p>\n","protected":false},"featured_media":58926,"template":"","meta":{"_acf_changed":false},"product_brand":[243],"product_cat":[390],"product_tag":[],"class_list":{"0":"post-67088","1":"product","2":"type-product","3":"status-publish","4":"has-post-thumbnail","6":"product_brand-lumimi","7":"product_cat-face-cosmetics-de","8":"pa_brand-lumimi-de","10":"first","11":"instock","12":"sale","13":"shipping-taxable","14":"purchasable","15":"product-type-variable"},"acf":[],"_links":{"self":[{"href":"https:\/\/lumimicosmetics.com\/de\/wp-json\/wp\/v2\/product\/67088","targetHints":{"allow":["GET"]}}],"collection":[{"href":"https:\/\/lumimicosmetics.com\/de\/wp-json\/wp\/v2\/product"}],"about":[{"href":"https:\/\/lumimicosmetics.com\/de\/wp-json\/wp\/v2\/types\/product"}],"version-history":[{"count":1,"href":"https:\/\/lumimicosmetics.com\/de\/wp-json\/wp\/v2\/product\/67088\/revisions"}],"predecessor-version":[{"id":67134,"href":"https:\/\/lumimicosmetics.com\/de\/wp-json\/wp\/v2\/product\/67088\/revisions\/67134"}],"wp:featuredmedia":[{"embeddable":true,"href":"https:\/\/lumimicosmetics.com\/de\/wp-json\/wp\/v2\/media\/58926"}],"wp:attachment":[{"href":"https:\/\/lumimicosmetics.com\/de\/wp-json\/wp\/v2\/media?parent=67088"}],"wp:term":[{"taxonomy":"product_brand","embeddable":true,"href":"https:\/\/lumimicosmetics.com\/de\/wp-json\/wp\/v2\/product_brand?post=67088"},{"taxonomy":"product_cat","embeddable":true,"href":"https:\/\/lumimicosmetics.com\/de\/wp-json\/wp\/v2\/product_cat?post=67088"},{"taxonomy":"product_tag","embeddable":true,"href":"https:\/\/lumimicosmetics.com\/de\/wp-json\/wp\/v2\/product_tag?post=67088"}],"curies":[{"name":"wp","href":"https:\/\/api.w.org\/{rel}","templated":true}]}}