{"id":66360,"date":"2025-06-20T09:27:28","date_gmt":"2025-06-20T09:27:28","guid":{"rendered":"https:\/\/lumimicosmetics.com\/product\/lumimi-lippenkonturenstift\/"},"modified":"2026-02-25T09:27:04","modified_gmt":"2026-02-25T09:27:04","slug":"lumimi-lippenkonturenstift","status":"publish","type":"product","link":"https:\/\/lumimicosmetics.com\/de\/produkt\/lumimi-lippenkonturenstift\/","title":{"rendered":"LUMIMI Lippenkonturenstift"},"content":{"rendered":"<p data-start=\"442\" data-end=\"663\">Doppelseitiges Design \u2013 ein <strong data-start=\"483\" data-end=\"506\">herausdrehbarer Stift<\/strong> an einem Ende und ein <strong data-start=\"530\" data-end=\"551\">weicher Silikonpinsel<\/strong> am anderen Ende \u2013 erm\u00f6glicht nicht nur eine pr\u00e4zise Konturierung der Lippen, sondern auch ein nat\u00fcrliches Verblenden der Farbe f\u00fcr einen \u201eBlurred-Lips\u201c-Effekt.<\/p>\n<p data-start=\"665\" data-end=\"924\"><strong data-start=\"665\" data-end=\"700\">Angereichert<\/strong> mit nat\u00fcrlichen Pflanzenwachsen und <strong data-start=\"736\" data-end=\"750\">Vitamin E<\/strong> hilft der Stift, Feuchtigkeit, Geschmeidigkeit und Komfort der Lippen den ganzen Tag \u00fcber zu bewahren. Er verschmiert nicht, br\u00f6ckelt nicht und ist ideal f\u00fcr die alleinige Anwendung oder mit Lipgloss oder Balsam. <\/p>\n","protected":false},"excerpt":{"rendered":"<p><strong data-start=\"74\" data-end=\"95\">UMIMI Lippenkonturenstift<\/strong> \u2013 eine stilvolle und funktionale Wahl zum Definieren, Formen oder dezenten Betonen der Lippen. Die cremige Formel gleitet sanft entlang der Lippenkontur und erm\u00f6glicht eine pr\u00e4zise Definition ohne Ziehen oder Unregelm\u00e4\u00dfigkeiten. <\/p>\n","protected":false},"featured_media":65995,"template":"","meta":{"_acf_changed":false},"product_brand":[243],"product_cat":[391,443,442],"product_tag":[],"class_list":{"0":"post-66360","1":"product","2":"type-product","3":"status-publish","4":"has-post-thumbnail","6":"product_brand-lumimi","7":"product_cat-lumimi-products-de","8":"product_cat-makeup-brush","9":"product_cat-shop","10":"pa_brand-lumimi-de","12":"first","13":"instock","14":"sale","15":"shipping-taxable","16":"purchasable","17":"product-type-variable"},"acf":[],"_links":{"self":[{"href":"https:\/\/lumimicosmetics.com\/de\/wp-json\/wp\/v2\/product\/66360","targetHints":{"allow":["GET"]}}],"collection":[{"href":"https:\/\/lumimicosmetics.com\/de\/wp-json\/wp\/v2\/product"}],"about":[{"href":"https:\/\/lumimicosmetics.com\/de\/wp-json\/wp\/v2\/types\/product"}],"version-history":[{"count":0,"href":"https:\/\/lumimicosmetics.com\/de\/wp-json\/wp\/v2\/product\/66360\/revisions"}],"wp:featuredmedia":[{"embeddable":true,"href":"https:\/\/lumimicosmetics.com\/de\/wp-json\/wp\/v2\/media\/65995"}],"wp:attachment":[{"href":"https:\/\/lumimicosmetics.com\/de\/wp-json\/wp\/v2\/media?parent=66360"}],"wp:term":[{"taxonomy":"product_brand","embeddable":true,"href":"https:\/\/lumimicosmetics.com\/de\/wp-json\/wp\/v2\/product_brand?post=66360"},{"taxonomy":"product_cat","embeddable":true,"href":"https:\/\/lumimicosmetics.com\/de\/wp-json\/wp\/v2\/product_cat?post=66360"},{"taxonomy":"product_tag","embeddable":true,"href":"https:\/\/lumimicosmetics.com\/de\/wp-json\/wp\/v2\/product_tag?post=66360"}],"curies":[{"name":"wp","href":"https:\/\/api.w.org\/{rel}","templated":true}]}}