{"id":66344,"date":"2025-06-09T13:48:34","date_gmt":"2025-06-09T13:48:34","guid":{"rendered":"https:\/\/lumimicosmetics.com\/product\/lumimi-augenbrauenstift\/"},"modified":"2025-06-09T13:48:34","modified_gmt":"2025-06-09T13:48:34","slug":"lumimi-augenbrauenstift","status":"publish","type":"product","link":"https:\/\/lumimicosmetics.com\/de\/produkt\/lumimi-augenbrauenstift\/","title":{"rendered":"LUMIMI Augenbrauenstift"},"content":{"rendered":"<p data-start=\"118\" data-end=\"400\"><strong data-start=\"118\" data-end=\"140\">LUMIMI Brow Pencil<\/strong> \u2013 ein pr\u00e4zises Alltags-Tool zum schnellen und m\u00fchelosen Formen, Auff\u00fcllen und Definieren der Augenbrauen. Das doppelseitige Design verf\u00fcgt \u00fcber eine Twist-up-Stiftspitze auf der einen Seite f\u00fcr einfaches Auftragen und eine kleine B\u00fcrste auf der anderen Seite zum K\u00e4mmen und Verblenden der Farbe f\u00fcr ein nat\u00fcrliches Finish. <\/p>\n<p data-start=\"402\" data-end=\"604\">Die spezielle Formel sorgt f\u00fcr langanhaltenden Halt \u2013 die Farbe bleibt den ganzen Tag an Ort und Stelle, ohne zu verschmieren oder zu verblassen. Mit seiner schlanken, pr\u00e4zisen Spitze k\u00f6nnen Sie m\u00fchelos haar\u00e4hnliche Striche f\u00fcr ordentliche, dezente Ergebnisse zeichnen. <\/p>\n<p data-start=\"606\" data-end=\"727\">Geeignet f\u00fcr alle Augenbrauentypen \u2013 von nat\u00fcrlich sp\u00e4rlich bis voll. Erh\u00e4ltlich in mehreren Farbt\u00f6nen, die perfekt zu Ihrem Look passen. <\/p>\n<ul data-start=\"729\" data-end=\"904\">\n<li data-start=\"729\" data-end=\"768\">\n<p data-start=\"731\" data-end=\"768\">Leicht, kompakt und vielseitig<\/p>\n<\/li>\n<li data-start=\"769\" data-end=\"814\">\n<p data-start=\"771\" data-end=\"814\">Twist-up-Mechanismus \u2013 kein Anspitzen erforderlich<\/p>\n<\/li>\n<li data-start=\"815\" data-end=\"861\">\n<p data-start=\"817\" data-end=\"861\">Integriertes B\u00fcrstchen f\u00fcr eine weiche, verblendete Form<\/p>\n<\/li>\n<li data-start=\"862\" data-end=\"904\">\n<p data-start=\"864\" data-end=\"904\">Vegane Formel, dermatologisch getestet<\/p>\n<\/li>\n<\/ul>\n<p data-start=\"906\" data-end=\"958\">Perfekt f\u00fcr Anf\u00e4nger und Make-up-Enthusiasten.<\/p>\n","protected":false},"excerpt":{"rendered":"<p data-start=\"126\" data-end=\"388\"><strong data-start=\"126\" data-end=\"148\">LUMIMI Brow Pencil<\/strong> \u2013 ein pr\u00e4zises, einfach anzuwendendes Tool zum Formen, Auff\u00fcllen und Definieren Ihrer Augenbrauen. Mit seiner schlanken, feinen Spitze imitiert er nat\u00fcrliche H\u00e4rchen f\u00fcr einen gepflegten und dennoch nat\u00fcrlich wirkenden Augenbrauen-Look. Perfekt f\u00fcr dezentes Alltags-Make-up und ausdrucksst\u00e4rkere Looks.  <\/p>\n<p data-start=\"390\" data-end=\"586\">Die langanhaltende Formel sorgt daf\u00fcr, dass Ihre Augenbrauen den ganzen Tag makellos bleiben \u2013 ohne zu verschmieren oder zu verblassen. Angereichert mit weichmachenden Wirkstoffen gleitet der Stift sanft \u00fcber Haut und H\u00e4rchen, ohne zu verklumpen. <\/p>\n<p data-start=\"588\" data-end=\"775\">Ein integriertes B\u00fcrstchen am anderen Ende erm\u00f6glicht es Ihnen, die Farbe zu verblenden und die Augenbrauen f\u00fcr ein nat\u00fcrliches Finish zu formen. Erh\u00e4ltlich in mehreren Farbt\u00f6nen, die Ihre Haarfarbe und Gesichtsz\u00fcge erg\u00e4nzen. <\/p>\n<p data-start=\"777\" data-end=\"829\">Geeignet f\u00fcr alle Augenbrauentypen \u2013 von sp\u00e4rlich bis voll.<\/p>\n","protected":false},"featured_media":66354,"template":"","meta":{"_acf_changed":false},"product_brand":[243],"product_cat":[390,391,442],"product_tag":[],"class_list":{"0":"post-66344","1":"product","2":"type-product","3":"status-publish","4":"has-post-thumbnail","6":"product_brand-lumimi","7":"product_cat-face-cosmetics-de","8":"product_cat-lumimi-products-de","9":"product_cat-shop","10":"pa_brand-lumimi-de","12":"first","13":"instock","14":"sale","15":"shipping-taxable","16":"purchasable","17":"product-type-variable"},"acf":[],"_links":{"self":[{"href":"https:\/\/lumimicosmetics.com\/de\/wp-json\/wp\/v2\/product\/66344","targetHints":{"allow":["GET"]}}],"collection":[{"href":"https:\/\/lumimicosmetics.com\/de\/wp-json\/wp\/v2\/product"}],"about":[{"href":"https:\/\/lumimicosmetics.com\/de\/wp-json\/wp\/v2\/types\/product"}],"version-history":[{"count":0,"href":"https:\/\/lumimicosmetics.com\/de\/wp-json\/wp\/v2\/product\/66344\/revisions"}],"wp:featuredmedia":[{"embeddable":true,"href":"https:\/\/lumimicosmetics.com\/de\/wp-json\/wp\/v2\/media\/66354"}],"wp:attachment":[{"href":"https:\/\/lumimicosmetics.com\/de\/wp-json\/wp\/v2\/media?parent=66344"}],"wp:term":[{"taxonomy":"product_brand","embeddable":true,"href":"https:\/\/lumimicosmetics.com\/de\/wp-json\/wp\/v2\/product_brand?post=66344"},{"taxonomy":"product_cat","embeddable":true,"href":"https:\/\/lumimicosmetics.com\/de\/wp-json\/wp\/v2\/product_cat?post=66344"},{"taxonomy":"product_tag","embeddable":true,"href":"https:\/\/lumimicosmetics.com\/de\/wp-json\/wp\/v2\/product_tag?post=66344"}],"curies":[{"name":"wp","href":"https:\/\/api.w.org\/{rel}","templated":true}]}}