{"id":66320,"date":"2025-04-04T18:18:51","date_gmt":"2025-04-04T18:18:51","guid":{"rendered":"https:\/\/lumimicosmetics.com\/product\/lumimi-universal-concealer\/"},"modified":"2026-03-22T15:15:16","modified_gmt":"2026-03-22T15:15:16","slug":"lumimi-universal-concealer","status":"publish","type":"product","link":"https:\/\/lumimicosmetics.com\/de\/produkt\/lumimi-universal-concealer\/","title":{"rendered":"LUMIMI Concealer f\u00fcr Augenpartie und Gesicht"},"content":{"rendered":"<p>Ein <strong data-start=\"58\" data-end=\"91\">universeller Augen-Concealer<\/strong>, der sanft Anzeichen von M\u00fcdigkeit kaschiert und den Blick aufhellt. Seine leichte Formel mit Jojoba- und Oliven\u00f6l, Squalan und Vitamin E spendet Feuchtigkeit, n\u00e4hrt und sch\u00fctzt die empfindliche Haut um die Augen. <\/p>\n","protected":false},"excerpt":{"rendered":"<p>Ein universeller Augen-Concealer, der sanft Anzeichen von M\u00fcdigkeit kaschiert und den Blick aufhellt. Seine leichte Formel mit Jojoba- und Oliven\u00f6l,<\/p>\n","protected":false},"featured_media":66340,"template":"","meta":{"_acf_changed":false},"product_brand":[243],"product_cat":[392,390,393,391,442],"product_tag":[],"class_list":{"0":"post-66320","1":"product","2":"type-product","3":"status-publish","4":"has-post-thumbnail","6":"product_brand-lumimi","7":"product_cat-face-care-products-de","8":"product_cat-face-cosmetics-de","9":"product_cat-face-cream-de","10":"product_cat-lumimi-products-de","11":"product_cat-shop","12":"pa_brand-lumimi-de","14":"first","15":"instock","16":"sale","17":"shipping-taxable","18":"purchasable","19":"product-type-variable"},"acf":[],"_links":{"self":[{"href":"https:\/\/lumimicosmetics.com\/de\/wp-json\/wp\/v2\/product\/66320","targetHints":{"allow":["GET"]}}],"collection":[{"href":"https:\/\/lumimicosmetics.com\/de\/wp-json\/wp\/v2\/product"}],"about":[{"href":"https:\/\/lumimicosmetics.com\/de\/wp-json\/wp\/v2\/types\/product"}],"version-history":[{"count":2,"href":"https:\/\/lumimicosmetics.com\/de\/wp-json\/wp\/v2\/product\/66320\/revisions"}],"predecessor-version":[{"id":68321,"href":"https:\/\/lumimicosmetics.com\/de\/wp-json\/wp\/v2\/product\/66320\/revisions\/68321"}],"wp:featuredmedia":[{"embeddable":true,"href":"https:\/\/lumimicosmetics.com\/de\/wp-json\/wp\/v2\/media\/66340"}],"wp:attachment":[{"href":"https:\/\/lumimicosmetics.com\/de\/wp-json\/wp\/v2\/media?parent=66320"}],"wp:term":[{"taxonomy":"product_brand","embeddable":true,"href":"https:\/\/lumimicosmetics.com\/de\/wp-json\/wp\/v2\/product_brand?post=66320"},{"taxonomy":"product_cat","embeddable":true,"href":"https:\/\/lumimicosmetics.com\/de\/wp-json\/wp\/v2\/product_cat?post=66320"},{"taxonomy":"product_tag","embeddable":true,"href":"https:\/\/lumimicosmetics.com\/de\/wp-json\/wp\/v2\/product_tag?post=66320"}],"curies":[{"name":"wp","href":"https:\/\/api.w.org\/{rel}","templated":true}]}}