{"id":66300,"date":"2024-10-21T07:34:10","date_gmt":"2024-10-21T07:34:10","guid":{"rendered":"https:\/\/lumimicosmetics.com\/product\/lumimi-premium-make-up-pinsel\/"},"modified":"2026-03-03T12:06:08","modified_gmt":"2026-03-03T12:06:08","slug":"lumimi-premium-make-up-pinsel","status":"publish","type":"product","link":"https:\/\/lumimicosmetics.com\/de\/produkt\/lumimi-premium-make-up-pinsel\/","title":{"rendered":"LUMIMI Premium Make-up Pinsel"},"content":{"rendered":"\t\t<div data-elementor-type=\"product-post\" data-elementor-id=\"66300\" class=\"elementor elementor-66300 elementor-63187\" data-elementor-post-type=\"product\">\n\t\t\t\t<div class=\"wd-negative-gap elementor-element elementor-element-66dd570 e-flex e-con-boxed e-con e-parent\" data-id=\"66dd570\" data-element_type=\"container\">\n\t\t\t\t\t<div class=\"e-con-inner\">\n\t\t\t\t<div class=\"elementor-element elementor-element-70dad01 elementor-hidden-mobile elementor-widget elementor-widget-html\" data-id=\"70dad01\" data-element_type=\"widget\" data-widget_type=\"html.default\">\n\t\t\t\t<div class=\"elementor-widget-container\">\n\t\t\t\t\t<!-- LUMIMI \u2013 Premium grima ota (LV, no skincare, no CTA) -->\n<section class=\"lm-brush\">\n  <div class=\"lm-brush__wrap\">\n    <div class=\"lm-brush__grid\">\n\n      <!-- LEFT: image -->\n      <div class=\"lm-brush__media\">\n        <div class=\"lm-brush__frame\">\n          <img decoding=\"async\" src=\"https:\/\/lumimicosmetics.com\/wp-content\/uploads\/2024\/10\/Lumimi-Premium-Makeup-Brush-en.webp\" alt=\"Lumimi Premium Make-up Pinsel\" loading=\"lazy\">\n        <\/div>\n      <\/div>\n\n      <!-- RIGHT: content -->\n      <div class=\"lm-brush__content\">\n        <div class=\"lm-brush__eyebrow\">PREMIUM-TOOL<\/div>\n\n        <h2 class=\"lm-brush__title\">Premium Make-up Pinsel<\/h2>\n\n        <p class=\"lm-brush__lead\">\n        <div class=\"lm-brush__text\">\n          <p>\n  Der Pinsel ist besonders geeignet f\u00fcr fl\u00fcssige und cremige Produkte \u2013\n Foundation, BB\/CC Creams, Cream Contour oder Rouge.\n Die Kuppelform erm\u00f6glicht eine pr\u00e4zise Kontrolle \u00fcber die Deckkraft und das Schichten des Produkts\n nach Bedarf.\n          <\/p>\n          <p>\n  Leicht zu reinigen, langlebig und komfortabel f\u00fcr den t\u00e4glichen\n und professionellen Make-up-Auftrag.\n          <\/p>\n        <\/div>\n\n        <div class=\"lm-brush__result\">\n          <span class=\"lm-brush__resultLabel\">Ergebnis:<\/span>\n          <span>glatte, nat\u00fcrlich sch\u00f6ne Haut ohne M\u00fche.<\/span>\n        <\/div>\n      <\/div>\n\n    <\/div>\n  <\/div>\n<\/section>\n\n<style>\n  .lm-brush{\n --bg:#f7f5f1;\n --card:#ffffff;\n --text:#121212;\n --muted:#5e5e5e;\n --line:rgba(18,18,18,.10);\n --soft:rgba(18,18,18,.06);\n --shadow:0 22px 55px rgba(18,18,18,.10);\n --radius:26px;\n background: radial-gradient(1100px 420px at 18% 12%, rgba(18,18,18,.05), transparent 60%),\n radial-gradient(900px 360px at 82% 26%, rgba(18,18,18,.04), transparent 62%),\n var(--bg);\n padding: 64px 18px;\n }\n\n  .lm-brush__wrap{\n max-width: 1180px;\n margin: 0 auto;\n }\n\n  .lm-brush__grid{\n display:grid;\n grid-template-columns: 1.05fr .95fr;\n gap: 44px;\n align-items:center;\n }\n\n  .lm-brush__frame{\n background: linear-gradient(180deg, rgba(255,255,255,.92), rgba(255,255,255,.88));\n border: 1px solid var(--line);\n border-radius: var(--radius);\n padding: 18px;\n box-shadow: var(--shadow);\n position:relative;\n overflow:hidden;\n }\n\n  .lm-brush__frame::before{\n content:\"\";\n position:absolute;\n inset: 12px;\n border-radius: calc(var(--radius) - 10px);\n border: 1px solid var(--soft);\n pointer-events:none;\n }\n\n  .lm-brush__frame img{\n width:100%;\n height:auto;\n display:block;\n border-radius: calc(var(--radius) - 10px);\n border: 1px solid rgba(18,18,18,.08);\n object-fit:cover;\n }\n\n  .lm-brush__eyebrow{\n font-size: 12px;\n letter-spacing: .18em;\n text-transform: uppercase;\n color: var(--muted);\n margin-bottom: 10px;\n }\n\n  .lm-brush__title{\n margin:0 0 14px;\n font-size: 44px;\n line-height: 1.08;\n letter-spacing: -0.03em;\n color: var(--text);\n }\n\n  .lm-brush__lead{\n margin:0 0 18px;\n font-size: 16px;\n line-height: 1.85;\n color: var(--muted);\n }\n\n  .lm-brush__text p{\n margin:0 0 14px;\n font-size: 15px;\n line-height: 1.85;\n color: var(--muted);\n }\n\n  .lm-brush__result{\n margin-top: 18px;\n padding: 16px 18px;\n border-radius: 18px;\n border: 1px solid var(--line);\n background: rgba(255,255,255,.88);\n display:flex;\n gap: 8px;\n align-items:flex-start;\n font-size: 14px;\n line-height: 1.7;\n color:#1c1c1c;\n }\n\n  .lm-brush__resultLabel{\n font-weight: 700;\n color:#111;\n flex:0 0 auto;\n }\n\n  @media (max-width: 1024px){\n .lm-brush__grid{ grid-template-columns: 1fr; gap: 26px; }\n    \n::contentReference[oaicite:0]{index=0}\n\t\t\t\t<\/div>\n\t\t\t\t<\/div>\n\t\t\t\t<div class=\"elementor-element elementor-element-8b7829c elementor-hidden-desktop elementor-hidden-tablet elementor-widget elementor-widget-html\" data-id=\"8b7829c\" data-element_type=\"widget\" data-widget_type=\"html.default\">\n\t\t\t\t<div class=\"elementor-widget-container\">\n\t\t\t\t\t<!-- LUMIMI \u2013 Premium grima ota (MOBILE, LV, image-in-between layout) -->\n<section class=\"lm-brush-m\">\n  <div class=\"lm-brush-m__wrap\">\n\n    <div class=\"lm-brush-m__content\">\n\n      <div class=\"lm-brush-m__eyebrow\">PREMIUM-TOOL<\/div>\n\n      <h2 class=\"lm-brush-m__title\">Premium Make-up Pinsel<\/h2>\n\n      <!-- IMAGE BETWEEN TEXT -->\n      <div class=\"lm-brush-m__media\">\n        <div class=\"lm-brush-m__frame\">\n          <img decoding=\"async\" src=\"https:\/\/lumimicosmetics.com\/wp-content\/uploads\/2024\/10\/Lumimi-Premium-Makeup-Brush-en.webp\" alt=\"Lumimi Premium Make-up Pinsel\" loading=\"lazy\">\n        <\/div>\n      <\/div>\n\n      <p class=\"lm-brush-m__lead\">\n      <div class=\"lm-brush-m__text\">\n        <p>\n  Der Pinsel ist besonders geeignet f\u00fcr fl\u00fcssige und cremige Produkte \u2013 Foundation,\n BB\/CC Creams, Cream Contour oder Rouge.\n Die Kuppelform erm\u00f6glicht eine pr\u00e4zise Kontrolle \u00fcber die Deckkraft und das Schichten des Produkts\n nach Bedarf.\n        <\/p>\n        <p>\n  Leicht zu reinigen, langlebig und komfortabel f\u00fcr den t\u00e4glichen\n und professionellen Make-up-Auftrag.\n        <\/p>\n      <\/div>\n\n      <div class=\"lm-brush-m__result\">\n        <span class=\"lm-brush-m__resultLabel\">Ergebnis:<\/span>\n        <span>glatte, nat\u00fcrlich sch\u00f6ne Haut ohne M\u00fche.<\/span>\n      <\/div>\n\n    <\/div>\n\n  <\/div>\n<\/section>\n\n<style>\n  .lm-brush-m{\n    --bg:#f7f5f1;\n    --text:#121212;\n    --muted:#616161;\n    --line:rgba(18,18,18,.10);\n    --soft:rgba(18,18,18,.06);\n    --shadow:0 20px 48px rgba(18,18,18,.10);\n    --radius:22px;\n    background: radial-gradient(900px 360px at 40% 0%, rgba(18,18,18,.05), transparent 60%),\n                var(--bg);\n    padding: 32px 14px;\n  }\n\n  .lm-brush-m__wrap{\n    max-width: 720px;\n    margin: 0 auto;\n  }\n\n  .lm-brush-m__content{\n    padding: 0 2px;\n  }\n\n  .lm-brush-m__eyebrow{\n    font-size: 11px;\n    letter-spacing: .18em;\n    text-transform: uppercase;\n    color: var(--muted);\n    margin-bottom: 8px;\n  }\n\n  .lm-brush-m__title{\n    margin:0 0 18px;\n    font-size: 30px;\n    line-height: 1.12;\n    letter-spacing: -0.03em;\n    color: var(--text);\n  }\n\n  \/* IMAGE *\/\n  .lm-brush-m__media{\n    margin: 0 0 18px;\n  }\n\n  .lm-brush-m__frame{\n    background: linear-gradient(180deg, rgba(255,255,255,.95), rgba(255,255,255,.90));\n    border: 1px solid var(--line);\n    border-radius: var(--radius);\n    padding: 14px;\n    box-shadow: var(--shadow);\n    position:relative;\n    overflow:hidden;\n  }\n\n  .lm-brush-m__frame::before{\n    content:\"\";\n    position:absolute;\n    inset: 10px;\n    border-radius: calc(var(--radius) - 8px);\n    border: 1px solid var(--soft);\n    pointer-events:none;\n  }\n\n  .lm-brush-m__frame img{\n    width:100%;\n    height:auto;\n    display:block;\n    border-radius: calc(var(--radius) - 8px);\n    border: 1px solid rgba(18,18,18,.08);\n    object-fit:cover;\n  }\n\n  .lm-brush-m__lead{\n    margin:0 0 16px;\n    font-size: 15px;\n    line-height: 1.8;\n    color: var(--muted);\n  }\n\n  .lm-brush-m__text p{\n    margin:0 0 12px;\n    font-size: 14.5px;\n    line-height: 1.85;\n    color: var(--muted);\n  }\n\n  .lm-brush-m__result{\n    margin-top: 18px;\n    padding: 14px 14px;\n    border-radius: 16px;\n    border: 1px solid var(--line);\n    background: rgba(255,255,255,.92);\n    display:flex;\n    gap: 8px;\n    align-items:flex-start;\n    font-size: 13.5px;\n    line-height: 1.7;\n    color:#1c1c1c;\n  }\n\n  .lm-brush-m__resultLabel{\n    font-weight: 700;\n    color:#111;\n    flex:0 0 auto;\n  }\n\n  @media (max-width: 360px){\n    .lm-brush-m__title{ font-size: 27px; }\n    .lm-brush-m{ padding: 26px 12px; }\n  }\n<\/style>\n\t\t\t\t<\/div>\n\t\t\t\t<\/div>\n\t\t\t\t\t<\/div>\n\t\t\t\t<\/div>\n\t\t\t\t<\/div>\n\t\t","protected":false},"excerpt":{"rendered":"<p>Entwickelt f\u00fcr ein geschmeidiges und makelloses Make-up-Auftragen. Dichte, weiche Synthetikborsten verblenden das Produkt gleichm\u00e4\u00dfig, hinterlassen keine Streifen und tragen zu einem nat\u00fcrlichen, m\u00fchelos verblendeten Finish bei.  <\/p>\n<blockquote data-start=\"1611\" data-end=\"1691\">\n<p data-start=\"1613\" data-end=\"1691\"><em data-start=\"1613\" data-end=\"1691\">Empfohlen f\u00fcr die Verwendung mit Lumimi Foundation und anderen Cremeprodukten.<\/em><\/p>\n<\/blockquote>\n","protected":false},"featured_media":60141,"template":"","meta":{"_acf_changed":false},"product_brand":[],"product_cat":[392,390,391,443,442],"product_tag":[],"class_list":{"0":"post-66300","1":"product","2":"type-product","3":"status-publish","4":"has-post-thumbnail","6":"product_cat-face-care-products-de","7":"product_cat-face-cosmetics-de","8":"product_cat-lumimi-products-de","9":"product_cat-makeup-brush","10":"product_cat-shop","11":"pa_brand-lumimi-de","13":"first","14":"instock","15":"shipping-taxable","16":"purchasable","17":"product-type-simple"},"acf":[],"_links":{"self":[{"href":"https:\/\/lumimicosmetics.com\/de\/wp-json\/wp\/v2\/product\/66300","targetHints":{"allow":["GET"]}}],"collection":[{"href":"https:\/\/lumimicosmetics.com\/de\/wp-json\/wp\/v2\/product"}],"about":[{"href":"https:\/\/lumimicosmetics.com\/de\/wp-json\/wp\/v2\/types\/product"}],"version-history":[{"count":4,"href":"https:\/\/lumimicosmetics.com\/de\/wp-json\/wp\/v2\/product\/66300\/revisions"}],"predecessor-version":[{"id":68313,"href":"https:\/\/lumimicosmetics.com\/de\/wp-json\/wp\/v2\/product\/66300\/revisions\/68313"}],"wp:featuredmedia":[{"embeddable":true,"href":"https:\/\/lumimicosmetics.com\/de\/wp-json\/wp\/v2\/media\/60141"}],"wp:attachment":[{"href":"https:\/\/lumimicosmetics.com\/de\/wp-json\/wp\/v2\/media?parent=66300"}],"wp:term":[{"taxonomy":"product_brand","embeddable":true,"href":"https:\/\/lumimicosmetics.com\/de\/wp-json\/wp\/v2\/product_brand?post=66300"},{"taxonomy":"product_cat","embeddable":true,"href":"https:\/\/lumimicosmetics.com\/de\/wp-json\/wp\/v2\/product_cat?post=66300"},{"taxonomy":"product_tag","embeddable":true,"href":"https:\/\/lumimicosmetics.com\/de\/wp-json\/wp\/v2\/product_tag?post=66300"}],"curies":[{"name":"wp","href":"https:\/\/api.w.org\/{rel}","templated":true}]}}