{"id":60064,"date":"2025-05-30T09:07:16","date_gmt":"2025-05-30T09:07:16","guid":{"rendered":"https:\/\/lumimicosmetics.com\/product\/lumimi-lipgloss\/"},"modified":"2026-03-03T12:04:15","modified_gmt":"2026-03-03T12:04:15","slug":"lumimi-lipgloss","status":"publish","type":"product","link":"https:\/\/lumimicosmetics.com\/de\/produkt\/lumimi-lipgloss\/","title":{"rendered":"LUMIMI Feuchtigkeitsspendender Lippenglanz"},"content":{"rendered":"<p data-start=\"105\" data-end=\"191\"><strong data-start=\"105\" data-end=\"189\">Lumimi Hydrating Lipgloss mit Kokosnuss- und Jojoba\u00f6l \u2013 Glanz ohne Klebrigkeit<\/strong><\/p>\n<p data-start=\"193\" data-end=\"474\">Entdecken Sie nat\u00fcrliche Lippenpflege mit <strong data-start=\"224\" data-end=\"234\">Lumimi<\/strong> \u2013 ein weicher, nicht klebriger und feuchtigkeitsspendender Gloss f\u00fcr ein strahlendes L\u00e4cheln und t\u00e4glichen Komfort.<br data-start=\"329\" data-end=\"332\">Angereichert mit Kokosnuss- und Jojoba\u00f6l zur intensiven Pflege, sowie Sheabutter und Vitamin E zum Schutz vor Trockenheit und zur Unterst\u00fctzung der Regeneration.<\/p>\n<p data-start=\"476\" data-end=\"654\">Die leichte, nicht beschwerende Formel sorgt f\u00fcr lang anhaltenden Glanz ohne klebriges Gef\u00fchl. Perfekt, um ihn allein zu tragen oder \u00fcber Lippenstift aufzutragen \u2013 f\u00fcr einen nat\u00fcrlichen oder auff\u00e4lligen Look. <\/p>\n<p data-start=\"656\" data-end=\"690\"><strong data-start=\"656\" data-end=\"688\">Warum Lumimi Lipgloss w\u00e4hlen?<\/strong><\/p>\n<ul data-start=\"691\" data-end=\"937\">\n<li data-start=\"691\" data-end=\"751\">\n<p data-start=\"693\" data-end=\"751\"><strong data-start=\"693\" data-end=\"712\">Feuchtigkeitspflege:<\/strong> Kokos\u00f6l, Jojoba\u00f6l, Sheabutter<\/p>\n<\/li>\n<li data-start=\"752\" data-end=\"806\">\n<p data-start=\"754\" data-end=\"806\"><strong data-start=\"754\" data-end=\"772\">Nat\u00fcrlicher Glanz:<\/strong> strahlende Lippen ohne Klebrigkeit<\/p>\n<\/li>\n<li data-start=\"807\" data-end=\"858\">\n<p data-start=\"809\" data-end=\"858\"><strong data-start=\"809\" data-end=\"828\">Sanfte Formel:<\/strong> geeignet f\u00fcr empfindliche Lippen<\/p>\n<\/li>\n<li data-start=\"859\" data-end=\"900\">\n<p data-start=\"861\" data-end=\"900\"><strong data-start=\"861\" data-end=\"898\">Frei von Parabenen &amp; Mineral\u00f6len<\/strong><\/p>\n<\/li>\n<li data-start=\"901\" data-end=\"937\">\n<p data-start=\"903\" data-end=\"937\"><strong data-start=\"903\" data-end=\"935\">Tierversuchsfreie &amp; vegane Formel<\/strong><\/p>\n<\/li>\n<\/ul>\n","protected":false},"excerpt":{"rendered":"<p data-start=\"116\" data-end=\"484\"><strong data-start=\"116\" data-end=\"146\">Lumimi Hydrating Lipgloss<\/strong> \u2013 der perfekte Bestandteil Ihrer t\u00e4glichen Sch\u00f6nheitsroutine, der nat\u00fcrlichen Glanz mit pflegender Wirkung verbindet. Angereichert mit Kokosnuss- und Jojoba\u00f6l spendet dieser Gloss intensive Feuchtigkeit, pflegt die Lippen und sorgt den ganzen Tag f\u00fcr ein weiches und angenehmes Gef\u00fchl. Angereichert mit Sheabutter und Vitamin E hilft er, vor Trockenheit und Umweltbelastungen zu sch\u00fctzen.  <\/p>\n<p data-start=\"486\" data-end=\"666\">Die einzigartige, nicht klebrige Formel wurde entwickelt, um den Lippen einen strahlenden Glanz zu verleihen und sie gleichzeitig leicht und nat\u00fcrlich zu halten. Tragen Sie ihn allein f\u00fcr einen frischen Look oder \u00fcber Lippenstift f\u00fcr zus\u00e4tzlichen Glanz. <\/p>\n<p data-start=\"668\" data-end=\"831\">Dieser Gloss ist frei von Parabenen und Mineral\u00f6len und eignet sich auch f\u00fcr empfindliche Haut. Er ist vegan, tierversuchsfrei und wird im Einklang mit den Prinzipien der Clean Beauty hergestellt. <\/p>\n<p data-start=\"833\" data-end=\"1002\"><strong data-start=\"833\" data-end=\"865\">Entdecken Sie ein einzigartiges Erlebnis<\/strong> \u2013 Glanz, Weichheit und nat\u00fcrliche Pflege in einem stilvollen Lumimi-Gloss. Denn Ihre Lippen verdienen es, nicht nur sch\u00f6n, sondern auch gesund zu sein. <\/p>\n","protected":false},"featured_media":58943,"template":"","meta":{"_acf_changed":false},"product_brand":[243],"product_cat":[392,390,391,442],"product_tag":[],"class_list":{"0":"post-60064","1":"product","2":"type-product","3":"status-publish","4":"has-post-thumbnail","6":"product_brand-lumimi","7":"product_cat-face-care-products-de","8":"product_cat-face-cosmetics-de","9":"product_cat-lumimi-products-de","10":"product_cat-shop","11":"pa_brand-lumimi-de","13":"first","14":"instock","15":"sale","16":"shipping-taxable","17":"purchasable","18":"product-type-variable"},"acf":[],"_links":{"self":[{"href":"https:\/\/lumimicosmetics.com\/de\/wp-json\/wp\/v2\/product\/60064","targetHints":{"allow":["GET"]}}],"collection":[{"href":"https:\/\/lumimicosmetics.com\/de\/wp-json\/wp\/v2\/product"}],"about":[{"href":"https:\/\/lumimicosmetics.com\/de\/wp-json\/wp\/v2\/types\/product"}],"version-history":[{"count":1,"href":"https:\/\/lumimicosmetics.com\/de\/wp-json\/wp\/v2\/product\/60064\/revisions"}],"predecessor-version":[{"id":68322,"href":"https:\/\/lumimicosmetics.com\/de\/wp-json\/wp\/v2\/product\/60064\/revisions\/68322"}],"wp:featuredmedia":[{"embeddable":true,"href":"https:\/\/lumimicosmetics.com\/de\/wp-json\/wp\/v2\/media\/58943"}],"wp:attachment":[{"href":"https:\/\/lumimicosmetics.com\/de\/wp-json\/wp\/v2\/media?parent=60064"}],"wp:term":[{"taxonomy":"product_brand","embeddable":true,"href":"https:\/\/lumimicosmetics.com\/de\/wp-json\/wp\/v2\/product_brand?post=60064"},{"taxonomy":"product_cat","embeddable":true,"href":"https:\/\/lumimicosmetics.com\/de\/wp-json\/wp\/v2\/product_cat?post=60064"},{"taxonomy":"product_tag","embeddable":true,"href":"https:\/\/lumimicosmetics.com\/de\/wp-json\/wp\/v2\/product_tag?post=60064"}],"curies":[{"name":"wp","href":"https:\/\/api.w.org\/{rel}","templated":true}]}}